{"id":98089,"date":"2022-02-08T17:04:05","date_gmt":"2022-02-08T17:04:05","guid":{"rendered":"https:\/\/ujoldal.julius-k9.com\/termekgarancia\/"},"modified":"2022-09-08T10:20:43","modified_gmt":"2022-09-08T10:20:43","slug":"termekgarancia","status":"publish","type":"page","link":"https:\/\/julius-k9.com\/hu\/termekgarancia\/","title":{"rendered":"Term\u00e9kgarancia"},"content":{"rendered":"\n<p>A JULIUS-K9 term\u00e9kei messzemen\u0151kig megfelelnek a legszigor\u00fabb min\u0151s\u00e9gi k\u00f6vetelm\u00e9nyeknek. A k\u00eds\u00e9rletez\u00e9s, fejleszt\u00e9s \u00e9s el\u0151\u00e1ll\u00edt\u00e1s folyamat\u00e1nak minden egyes l\u00e9p\u00e9s\u00e9ben t\u00f6bb mint 15 \u00e9ve ugyanazt a magas sz\u00ednvonalat tudjuk biztos\u00edtani. Term\u00e9keinket a legk\u00fcl\u00f6nb\u00f6z\u0151bb, hiteles\u00edtett teszteknek vetj\u00fck al\u00e1, melyeken sikerrel helyt \u00e1lltak. <\/p>\n\n<h4 class=\"wp-block-heading\">\u00c1ltal\u00e1nos garanci\u00e1lis k\u00e9rd\u00e9sek<\/h4>\n\n<p>A JULIUS-K9 mindent megtesz, hogy \u00d6n \u00e9s kuty\u00e1ja min\u00e9l tov\u00e1bb \u00e9lvezhesse az IDC \u00e9s K9 kutyah\u00e1mok \u00e9s kuty\u00e1s felszerel\u00e9sek minden el\u0151ny\u00f6s tulajdons\u00e1g\u00e1t, de ha ennek ellen\u00e9re m\u00e9gis min\u0151s\u00e9gi kifog\u00e1ssal szeretne \u00e9lni, garanci\u00e1lis probl\u00e9m\u00e1kkal ezen az e-mail c\u00edmen v\u00e1rjuk megkeres\u00e9s\u00e9t. Term\u00e9keinkre a garancia 1 \u00e9v.  <\/p>\n\n<h4 class=\"wp-block-heading\">Mit tartalmazzon a levele?<\/h4>\n\n<ul class=\"wp-block-list\"><li>a hib\u00e1s term\u00e9kr\u0151l fot\u00f3, melyen j\u00f3l l\u00e1tszik az adott probl\u00e9ma (figyelem, ha a fot\u00f3 nem egy\u00e9rtelm\u0171, postai \u00faton vagy szem\u00e9lyesen bek\u00e9rhetj\u00fck a term\u00e9ket!)<\/li><li>szerepeljen a lev\u00e9lben, hogy mikor \u00e9s hol v\u00e1s\u00e1rolta<\/li><li>a sz\u00e1mlam\u00e1solatot k\u00e9rj\u00fck csatolni<\/li><\/ul>\n\n<p>Munkat\u00e1rsaink a fot\u00f3 alapj\u00e1n megvizsg\u00e1lj\u00e1k a hib\u00e1t, \u00e9s 1-4 munkanapon bel\u00fcl felveszik a kapcsolatot \u00d6nnel tov\u00e1bbi egyeztet\u00e9s c\u00e9lj\u00e1b\u00f3l.<\/p>\n\n<h2 class=\"wp-block-heading\">Nem tal\u00e1lta a v\u00e1laszt?<\/h2>\n\n<p>Tov\u00e1bbi k\u00e9rd\u00e9se van? \u00cdrjon emailt!<\/p>\n\n<p><\/p>\n","protected":false},"excerpt":{"rendered":"<p>A JULIUS-K9 term\u00e9kei messzemen\u0151kig megfelelnek a legszigor\u00fabb min\u0151s\u00e9gi k\u00f6vetelm\u00e9nyeknek. A k\u00eds\u00e9rletez\u00e9s, fejleszt\u00e9s \u00e9s el\u0151\u00e1ll\u00edt\u00e1s folyamat\u00e1nak minden egyes l\u00e9p\u00e9s\u00e9ben t\u00f6bb mint 15 \u00e9ve ugyanazt a magas sz\u00ednvonalat tudjuk biztos\u00edtani. Term\u00e9keinket a legk\u00fcl\u00f6nb\u00f6z\u0151bb, hiteles\u00edtett teszteknek vetj\u00fck al\u00e1, melyeken sikerrel helyt \u00e1lltak. \u00c1ltal\u00e1nos garanci\u00e1lis k\u00e9rd\u00e9sek A JULIUS-K9 mindent megtesz, hogy \u00d6n \u00e9s kuty\u00e1ja min\u00e9l tov\u00e1bb \u00e9lvezhesse az IDC&hellip;<\/p>\n","protected":false},"author":4,"featured_media":0,"parent":0,"menu_order":0,"comment_status":"closed","ping_status":"closed","template":"","meta":{"_acf_changed":false,"footnotes":""},"class_list":["post-98089","page","type-page","status-publish","hentry","description-off"],"acf":[],"_links":{"self":[{"href":"https:\/\/julius-k9.com\/hu\/wp-json\/wp\/v2\/pages\/98089","targetHints":{"allow":["GET"]}}],"collection":[{"href":"https:\/\/julius-k9.com\/hu\/wp-json\/wp\/v2\/pages"}],"about":[{"href":"https:\/\/julius-k9.com\/hu\/wp-json\/wp\/v2\/types\/page"}],"author":[{"embeddable":true,"href":"https:\/\/julius-k9.com\/hu\/wp-json\/wp\/v2\/users\/4"}],"replies":[{"embeddable":true,"href":"https:\/\/julius-k9.com\/hu\/wp-json\/wp\/v2\/comments?post=98089"}],"version-history":[{"count":0,"href":"https:\/\/julius-k9.com\/hu\/wp-json\/wp\/v2\/pages\/98089\/revisions"}],"wp:attachment":[{"href":"https:\/\/julius-k9.com\/hu\/wp-json\/wp\/v2\/media?parent=98089"}],"curies":[{"name":"wp","href":"https:\/\/api.w.org\/{rel}","templated":true}]}}