{"id":96223,"date":"2022-02-02T12:05:05","date_gmt":"2022-02-02T12:05:05","guid":{"rendered":"https:\/\/ujoldal.julius-k9.com\/ultrahangos-kullancs-es-bolhariaszto-julius-k9\/"},"modified":"2022-02-02T12:06:29","modified_gmt":"2022-02-02T12:06:29","slug":"ultrahangos-kullancs-es-bolhariaszto-julius-k9","status":"publish","type":"page","link":"https:\/\/julius-k9.com\/hu\/ultrahangos-kullancs-es-bolhariaszto-julius-k9\/","title":{"rendered":"Ultrahangos kullancs- \u00e9s bolhariaszt\u00f3 &#8211; Julius-K9\u00ae"},"content":{"rendered":"\t\t<div data-elementor-type=\"wp-page\" data-elementor-id=\"96223\" class=\"elementor elementor-96223 elementor-95389\" data-elementor-post-type=\"page\">\n\t\t\t\t\t\t<section class=\"elementor-section elementor-top-section elementor-element elementor-element-70b2e2e elementor-section-full_width elementor-section-content-middle elementor-section-stretched elementor-section-height-default elementor-section-height-default\" data-id=\"70b2e2e\" data-element_type=\"section\" data-settings=\"{&quot;stretch_section&quot;:&quot;section-stretched&quot;,&quot;background_background&quot;:&quot;classic&quot;,&quot;_ob_glider_is_slider&quot;:&quot;no&quot;}\">\n\t\t\t\t\t\t<div class=\"elementor-container elementor-column-gap-wider\">\n\t\t\t\t\t<div class=\"elementor-column elementor-col-50 elementor-top-column elementor-element elementor-element-856b3e2\" data-id=\"856b3e2\" data-element_type=\"column\" data-settings=\"{&quot;background_background&quot;:&quot;classic&quot;,&quot;_ob_column_hoveranimator&quot;:&quot;no&quot;,&quot;_ob_column_has_pseudo&quot;:&quot;no&quot;}\">\n\t\t\t<div class=\"elementor-widget-wrap elementor-element-populated\">\n\t\t\t\t\t\t<div class=\"elementor-element elementor-element-92bf8e9 ob-has-background-overlay elementor-widget elementor-widget-image\" data-id=\"92bf8e9\" data-element_type=\"widget\" data-settings=\"{&quot;_ob_photomorph_use&quot;:&quot;no&quot;,&quot;_ob_widget_stalker_use&quot;:&quot;no&quot;,&quot;_ob_poopart_use&quot;:&quot;yes&quot;,&quot;_ob_shadough_use&quot;:&quot;no&quot;,&quot;_ob_allow_hoveranimator&quot;:&quot;no&quot;}\" data-widget_type=\"image.default\">\n\t\t\t\t<div class=\"elementor-widget-container\">\n\t\t\t\t\t\t\t\t\t\t\t\t\t\t\t<img fetchpriority=\"high\" decoding=\"async\" width=\"400\" height=\"363\" src=\"https:\/\/julius-k9.com\/wp-content\/uploads\/2022\/01\/ultrasonic-tick_400.png\" class=\"attachment-large size-large wp-image-95440\" alt=\"\" srcset=\"https:\/\/julius-k9.com\/wp-content\/uploads\/2022\/01\/ultrasonic-tick_400.png 400w, https:\/\/julius-k9.com\/wp-content\/uploads\/2022\/01\/ultrasonic-tick_400-300x272.png 300w\" sizes=\"(max-width: 400px) 100vw, 400px\" \/>\t\t\t\t\t\t\t\t\t\t\t\t\t\t\t<\/div>\n\t\t\t\t<\/div>\n\t\t\t\t\t<\/div>\n\t\t<\/div>\n\t\t\t\t<div class=\"elementor-column elementor-col-50 elementor-top-column elementor-element elementor-element-d0fbc44\" data-id=\"d0fbc44\" data-element_type=\"column\" data-settings=\"{&quot;_ob_column_hoveranimator&quot;:&quot;no&quot;}\">\n\t\t\t<div class=\"elementor-widget-wrap elementor-element-populated\">\n\t\t\t\t\t\t<div class=\"elementor-element elementor-element-1604287 ob-has-background-overlay elementor-widget elementor-widget-image\" data-id=\"1604287\" data-element_type=\"widget\" data-settings=\"{&quot;_ob_photomorph_use&quot;:&quot;no&quot;,&quot;_ob_widget_stalker_use&quot;:&quot;no&quot;,&quot;_ob_poopart_use&quot;:&quot;yes&quot;,&quot;_ob_shadough_use&quot;:&quot;no&quot;,&quot;_ob_allow_hoveranimator&quot;:&quot;no&quot;}\" data-widget_type=\"image.default\">\n\t\t\t\t<div class=\"elementor-widget-container\">\n\t\t\t\t\t\t\t\t\t\t\t\t\t\t\t<img decoding=\"async\" src=\"https:\/\/julius-k9.com\/wp-content\/uploads\/elementor\/thumbs\/julius-k9-logo-pey301ygme2h5sk0k2ac9g2s4huwugbmt0x0aagomk.png\" title=\"julius-k9-logo\" alt=\"Julius-K9\u00ae main logo\" loading=\"lazy\" \/>\t\t\t\t\t\t\t\t\t\t\t\t\t\t\t<\/div>\n\t\t\t\t<\/div>\n\t\t\t\t<div class=\"elementor-element elementor-element-ea4ed62 ob-harakiri-inherit ob-has-background-overlay elementor-widget elementor-widget-heading\" data-id=\"ea4ed62\" data-element_type=\"widget\" data-settings=\"{&quot;_ob_use_harakiri&quot;:&quot;yes&quot;,&quot;_ob_harakiri_writing_mode&quot;:&quot;inherit&quot;,&quot;_ob_harakiri_text_clip&quot;:&quot;none&quot;,&quot;_ob_widget_stalker_use&quot;:&quot;no&quot;,&quot;_ob_poopart_use&quot;:&quot;yes&quot;,&quot;_ob_shadough_use&quot;:&quot;no&quot;,&quot;_ob_allow_hoveranimator&quot;:&quot;no&quot;}\" data-widget_type=\"heading.default\">\n\t\t\t\t<div class=\"elementor-widget-container\">\n\t\t\t\t\t<h2 class=\"elementor-heading-title elementor-size-default\">ultrahangos kullancs- \u00e9s bolhariaszt\u00f3\n<\/h2>\t\t\t\t<\/div>\n\t\t\t\t<\/div>\n\t\t\t\t<div class=\"elementor-element elementor-element-0f0aa9b ob-harakiri-inherit ob-has-background-overlay ob-got-stalker elementor-widget elementor-widget-text-editor\" data-id=\"0f0aa9b\" data-element_type=\"widget\" data-settings=\"{&quot;_ob_widget_stalker_use&quot;:&quot;yes&quot;,&quot;_ob_use_harakiri&quot;:&quot;yes&quot;,&quot;_ob_harakiri_writing_mode&quot;:&quot;inherit&quot;,&quot;_ob_postman_use&quot;:&quot;no&quot;,&quot;_ob_poopart_use&quot;:&quot;yes&quot;,&quot;_ob_shadough_use&quot;:&quot;no&quot;,&quot;_ob_allow_hoveranimator&quot;:&quot;no&quot;}\" data-widget_type=\"text-editor.default\">\n\t\t\t\t<div class=\"elementor-widget-container\">\n\t\t\t\t\t\t\t\t\t<p>Kullancsok \u00e9s bolh\u00e1k ellen is v\u00e9den\u00e9d kedvencedet? <br \/>Olyan megold\u00e1st keresel, ami sem \u00e1llatra, sem emberre nem jelent vesz\u00e9lyt? Akkor v\u00e1laszd a JULIUS-K9\u00ae ultrahangos riaszt\u00f3t! <\/p>\n\t\t\t\t\t\t\t\t<\/div>\n\t\t\t\t<\/div>\n\t\t\t\t<div class=\"elementor-element elementor-element-9fae470 ob-has-background-overlay elementor-widget elementor-widget-image\" data-id=\"9fae470\" data-element_type=\"widget\" data-settings=\"{&quot;_ob_photomorph_use&quot;:&quot;no&quot;,&quot;_ob_widget_stalker_use&quot;:&quot;no&quot;,&quot;_ob_poopart_use&quot;:&quot;yes&quot;,&quot;_ob_shadough_use&quot;:&quot;no&quot;,&quot;_ob_allow_hoveranimator&quot;:&quot;no&quot;}\" data-widget_type=\"image.default\">\n\t\t\t\t<div class=\"elementor-widget-container\">\n\t\t\t\t\t\t\t\t\t\t\t\t\t\t\t<img decoding=\"async\" width=\"150\" height=\"68\" src=\"https:\/\/julius-k9.com\/wp-content\/uploads\/2022\/01\/anti-kullancs-bolha-icon-150x68-1.png\" class=\"attachment-large size-large wp-image-95458\" alt=\"\" \/>\t\t\t\t\t\t\t\t\t\t\t\t\t\t\t<\/div>\n\t\t\t\t<\/div>\n\t\t\t\t<div class=\"elementor-element elementor-element-3f0130a ob-has-background-overlay elementor-widget elementor-widget-button\" data-id=\"3f0130a\" data-element_type=\"widget\" data-settings=\"{&quot;_ob_butterbutton_use_it&quot;:&quot;no&quot;,&quot;_ob_widget_stalker_use&quot;:&quot;no&quot;,&quot;_ob_poopart_use&quot;:&quot;yes&quot;,&quot;_ob_shadough_use&quot;:&quot;no&quot;,&quot;_ob_allow_hoveranimator&quot;:&quot;no&quot;}\" data-widget_type=\"button.default\">\n\t\t\t\t<div class=\"elementor-widget-container\">\n\t\t\t\t\t\t\t\t\t<div class=\"elementor-button-wrapper\">\n\t\t\t\t\t<a class=\"elementor-button elementor-button-link elementor-size-md\" href=\"https:\/\/shop.julius-k9.com\/en\/parasite-protection\/julius-k9-ultrasound-tick-and-flea-repellent\/ultrasound-tick-and-flea-repellent.html\">\n\t\t\t\t\t\t<span class=\"elementor-button-content-wrapper\">\n\t\t\t\t\t\t<span class=\"elementor-button-icon\">\n\t\t\t\t<i aria-hidden=\"true\" class=\"fas fa-shopping-cart\"><\/i>\t\t\t<\/span>\n\t\t\t\t\t\t\t\t\t<span class=\"elementor-button-text\">V\u00e1s\u00e1rl\u00e1s<\/span>\n\t\t\t\t\t<\/span>\n\t\t\t\t\t<\/a>\n\t\t\t\t<\/div>\n\t\t\t\t\t\t\t\t<\/div>\n\t\t\t\t<\/div>\n\t\t\t\t\t<\/div>\n\t\t<\/div>\n\t\t\t\t\t<\/div>\n\t\t<\/section>\n\t\t\t\t<section class=\"elementor-section elementor-top-section elementor-element elementor-element-77fa535 elementor-section-boxed elementor-section-height-default elementor-section-height-default\" data-id=\"77fa535\" data-element_type=\"section\" data-settings=\"{&quot;_ob_glider_is_slider&quot;:&quot;no&quot;}\">\n\t\t\t\t\t\t<div class=\"elementor-container elementor-column-gap-default\">\n\t\t\t\t\t<div class=\"elementor-column elementor-col-100 elementor-top-column elementor-element elementor-element-20ba88f\" data-id=\"20ba88f\" data-element_type=\"column\" data-settings=\"{&quot;_ob_column_hoveranimator&quot;:&quot;no&quot;,&quot;_ob_column_has_pseudo&quot;:&quot;no&quot;}\">\n\t\t\t<div class=\"elementor-widget-wrap elementor-element-populated\">\n\t\t\t\t\t\t<div class=\"elementor-element elementor-element-3bd1604 ob-has-background-overlay elementor-widget elementor-widget-image\" data-id=\"3bd1604\" data-element_type=\"widget\" data-settings=\"{&quot;_ob_photomorph_use&quot;:&quot;no&quot;,&quot;_ob_widget_stalker_use&quot;:&quot;no&quot;,&quot;_ob_poopart_use&quot;:&quot;yes&quot;,&quot;_ob_shadough_use&quot;:&quot;no&quot;,&quot;_ob_allow_hoveranimator&quot;:&quot;no&quot;}\" data-widget_type=\"image.default\">\n\t\t\t\t<div class=\"elementor-widget-container\">\n\t\t\t\t\t\t\t\t\t\t\t\t\t\t\t<img decoding=\"async\" width=\"902\" height=\"355\" src=\"https:\/\/julius-k9.com\/wp-content\/uploads\/2022\/01\/ultrahangos-kullancsriaszto-kutyaknak.jpg\" class=\"attachment-large size-large wp-image-95422\" alt=\"\" srcset=\"https:\/\/julius-k9.com\/wp-content\/uploads\/2022\/01\/ultrahangos-kullancsriaszto-kutyaknak.jpg 902w, https:\/\/julius-k9.com\/wp-content\/uploads\/2022\/01\/ultrahangos-kullancsriaszto-kutyaknak-300x118.jpg 300w, https:\/\/julius-k9.com\/wp-content\/uploads\/2022\/01\/ultrahangos-kullancsriaszto-kutyaknak-768x302.jpg 768w\" sizes=\"(max-width: 902px) 100vw, 902px\" \/>\t\t\t\t\t\t\t\t\t\t\t\t\t\t\t<\/div>\n\t\t\t\t<\/div>\n\t\t\t\t<div class=\"elementor-element elementor-element-2226e34 ob-harakiri-inherit ob-has-background-overlay ob-got-stalker elementor-widget elementor-widget-text-editor\" data-id=\"2226e34\" data-element_type=\"widget\" data-settings=\"{&quot;_ob_widget_stalker_use&quot;:&quot;yes&quot;,&quot;_ob_use_harakiri&quot;:&quot;yes&quot;,&quot;_ob_harakiri_writing_mode&quot;:&quot;inherit&quot;,&quot;_ob_postman_use&quot;:&quot;no&quot;,&quot;_ob_poopart_use&quot;:&quot;yes&quot;,&quot;_ob_shadough_use&quot;:&quot;no&quot;,&quot;_ob_allow_hoveranimator&quot;:&quot;no&quot;}\" data-widget_type=\"text-editor.default\">\n\t\t\t\t<div class=\"elementor-widget-container\">\n\t\t\t\t\t\t\t\t\t<p style=\"text-align: center;\">A kis k\u00e9sz\u00fcl\u00e9k v\u00e1ltoz\u00f3 frekvenci\u00e1j\u00fa ultrahangot bocs\u00e1jt ki, ami emberek \u00e9s kuty\u00e1k sz\u00e1m\u00e1ra sem kellemetlen, viszont elriasztja \u00e9s t\u00e1vol tartja a kullancsokat \u00e9s a bolh\u00e1kat.<\/p>\n\t\t\t\t\t\t\t\t<\/div>\n\t\t\t\t<\/div>\n\t\t\t\t\t<\/div>\n\t\t<\/div>\n\t\t\t\t\t<\/div>\n\t\t<\/section>\n\t\t\t\t<section class=\"elementor-section elementor-top-section elementor-element elementor-element-a38671f elementor-section-content-middle elementor-section-stretched elementor-section-boxed elementor-section-height-default elementor-section-height-default\" data-id=\"a38671f\" data-element_type=\"section\" data-settings=\"{&quot;stretch_section&quot;:&quot;section-stretched&quot;,&quot;background_background&quot;:&quot;classic&quot;,&quot;_ob_glider_is_slider&quot;:&quot;no&quot;}\">\n\t\t\t\t\t\t<div class=\"elementor-container elementor-column-gap-no\">\n\t\t\t\t\t<div class=\"elementor-column elementor-col-50 elementor-top-column elementor-element elementor-element-ccfe7f8\" data-id=\"ccfe7f8\" data-element_type=\"column\" data-settings=\"{&quot;_ob_column_hoveranimator&quot;:&quot;no&quot;,&quot;_ob_column_has_pseudo&quot;:&quot;no&quot;}\">\n\t\t\t<div class=\"elementor-widget-wrap elementor-element-populated\">\n\t\t\t\t\t\t<div class=\"elementor-element elementor-element-da29a50 ob-has-background-overlay elementor-widget elementor-widget-image\" data-id=\"da29a50\" data-element_type=\"widget\" data-settings=\"{&quot;_ob_photomorph_use&quot;:&quot;no&quot;,&quot;_ob_widget_stalker_use&quot;:&quot;no&quot;,&quot;_ob_poopart_use&quot;:&quot;yes&quot;,&quot;_ob_shadough_use&quot;:&quot;no&quot;,&quot;_ob_allow_hoveranimator&quot;:&quot;no&quot;}\" data-widget_type=\"image.default\">\n\t\t\t\t<div class=\"elementor-widget-container\">\n\t\t\t\t\t\t\t\t\t\t\t\t\t\t\t<img loading=\"lazy\" decoding=\"async\" width=\"450\" height=\"247\" src=\"https:\/\/julius-k9.com\/wp-content\/uploads\/2022\/01\/fekete-feher-szinben-kullancsriaszto.jpg\" class=\"attachment-full size-full wp-image-95476\" alt=\"\" srcset=\"https:\/\/julius-k9.com\/wp-content\/uploads\/2022\/01\/fekete-feher-szinben-kullancsriaszto.jpg 450w, https:\/\/julius-k9.com\/wp-content\/uploads\/2022\/01\/fekete-feher-szinben-kullancsriaszto-300x165.jpg 300w\" sizes=\"(max-width: 450px) 100vw, 450px\" \/>\t\t\t\t\t\t\t\t\t\t\t\t\t\t\t<\/div>\n\t\t\t\t<\/div>\n\t\t\t\t\t<\/div>\n\t\t<\/div>\n\t\t\t\t<div class=\"elementor-column elementor-col-50 elementor-top-column elementor-element elementor-element-b31415b\" data-id=\"b31415b\" data-element_type=\"column\" data-settings=\"{&quot;_ob_column_hoveranimator&quot;:&quot;no&quot;,&quot;_ob_column_has_pseudo&quot;:&quot;no&quot;}\">\n\t\t\t<div class=\"elementor-widget-wrap elementor-element-populated\">\n\t\t\t\t\t\t<div class=\"elementor-element elementor-element-5c57700 ob-harakiri-inherit ob-has-background-overlay elementor-widget elementor-widget-text-editor\" data-id=\"5c57700\" data-element_type=\"widget\" data-settings=\"{&quot;_ob_use_harakiri&quot;:&quot;yes&quot;,&quot;_ob_harakiri_writing_mode&quot;:&quot;inherit&quot;,&quot;_ob_postman_use&quot;:&quot;no&quot;,&quot;_ob_widget_stalker_use&quot;:&quot;no&quot;,&quot;_ob_poopart_use&quot;:&quot;yes&quot;,&quot;_ob_shadough_use&quot;:&quot;no&quot;,&quot;_ob_allow_hoveranimator&quot;:&quot;no&quot;}\" data-widget_type=\"text-editor.default\">\n\t\t\t\t<div class=\"elementor-widget-container\">\n\t\t\t\t\t\t\t\t\t<p>R\u00f6gz\u00edtsd a riaszt\u00f3t egyszer\u0171en a kutya nyak\u00f6rv\u00e9re, \u00e9s v\u00e9dd meg \u0151t az \u00e9l\u0151sk\u00f6d\u0151kt\u0151l- k\u00f6rnyezetbar\u00e1t m\u00f3don, mell\u00e9khat\u00e1sok n\u00e9lk\u00fcl!<\/p>\n\t\t\t\t\t\t\t\t<\/div>\n\t\t\t\t<\/div>\n\t\t\t\t\t<\/div>\n\t\t<\/div>\n\t\t\t\t\t<\/div>\n\t\t<\/section>\n\t\t\t\t<section class=\"elementor-section elementor-top-section elementor-element elementor-element-50844bc elementor-section-content-middle elementor-section-boxed elementor-section-height-default elementor-section-height-default\" data-id=\"50844bc\" data-element_type=\"section\" data-settings=\"{&quot;_ob_glider_is_slider&quot;:&quot;no&quot;}\">\n\t\t\t\t\t\t<div class=\"elementor-container elementor-column-gap-default\">\n\t\t\t\t\t<div class=\"elementor-column elementor-col-50 elementor-top-column elementor-element elementor-element-454ba45\" data-id=\"454ba45\" data-element_type=\"column\" data-settings=\"{&quot;_ob_column_hoveranimator&quot;:&quot;no&quot;,&quot;_ob_column_has_pseudo&quot;:&quot;no&quot;}\">\n\t\t\t<div class=\"elementor-widget-wrap elementor-element-populated\">\n\t\t\t\t\t\t<div class=\"elementor-element elementor-element-b7cf6f5 ob-harakiri-inherit ob-has-background-overlay elementor-widget elementor-widget-text-editor\" data-id=\"b7cf6f5\" data-element_type=\"widget\" data-settings=\"{&quot;_ob_use_harakiri&quot;:&quot;yes&quot;,&quot;_ob_harakiri_writing_mode&quot;:&quot;inherit&quot;,&quot;_ob_postman_use&quot;:&quot;no&quot;,&quot;_ob_widget_stalker_use&quot;:&quot;no&quot;,&quot;_ob_poopart_use&quot;:&quot;yes&quot;,&quot;_ob_shadough_use&quot;:&quot;no&quot;,&quot;_ob_allow_hoveranimator&quot;:&quot;no&quot;}\" data-widget_type=\"text-editor.default\">\n\t\t\t\t<div class=\"elementor-widget-container\">\n\t\t\t\t\t\t\t\t\t<h4 style=\"text-align: right;\">V\u00c9DELEM T\u00d6BB, MIN 12 H\u00d3NAPON \u00c1T!<\/h4>\n<p style=\"text-align: right;\">A k\u00e9sz\u00fcl\u00e9k v\u00e1ltoz\u00f3 frekvenci\u00e1j\u00fa ultrahang kibocs\u00e1t\u00e1s\u00e1nak elv\u00e9n m\u0171k\u00f6dik, amely nem k\u00e1ros \u00e9s nem kellemetlen sem az emberek, sem az \u00e1llatok sz\u00e1m\u00e1ra, de zavarja a kullancsokat \u00e9s bolh\u00e1kat, t\u00e1vol tartva azokat a kis\u00e1llatt\u00f3l. A hat\u00f3sugara kb. 1,5 m\u00e9ter. A kiv\u00e1l\u00f3 hat\u00e1sfokkal m\u0171k\u00f6d\u0151 term\u00e9k els\u0151dlegesen prevent\u00edv, ide\u00e1lis megold\u00e1st k\u00edn\u00e1l a kullancsok \u00e9s bolh\u00e1k t\u00e1vol tart\u00e1s\u00e1ra, k\u00f6rnyezetbar\u00e1t m\u00f3don \u00e9s ellenjavallatok n\u00e9lk\u00fcl.<\/p>\n\t\t\t\t\t\t\t\t<\/div>\n\t\t\t\t<\/div>\n\t\t\t\t<div class=\"elementor-element elementor-element-6f20e27 elementor-align-right ob-has-background-overlay elementor-widget elementor-widget-button\" data-id=\"6f20e27\" data-element_type=\"widget\" data-settings=\"{&quot;_ob_butterbutton_use_it&quot;:&quot;no&quot;,&quot;_ob_widget_stalker_use&quot;:&quot;no&quot;,&quot;_ob_poopart_use&quot;:&quot;yes&quot;,&quot;_ob_shadough_use&quot;:&quot;no&quot;,&quot;_ob_allow_hoveranimator&quot;:&quot;no&quot;}\" data-widget_type=\"button.default\">\n\t\t\t\t<div class=\"elementor-widget-container\">\n\t\t\t\t\t\t\t\t\t<div class=\"elementor-button-wrapper\">\n\t\t\t\t\t<a class=\"elementor-button elementor-button-link elementor-size-md\" href=\"https:\/\/shop.julius-k9.com\/en\/parasite-protection\/julius-k9-ultrasound-tick-and-flea-repellent\/ultrasound-tick-and-flea-repellent.html\">\n\t\t\t\t\t\t<span class=\"elementor-button-content-wrapper\">\n\t\t\t\t\t\t<span class=\"elementor-button-icon\">\n\t\t\t\t<i aria-hidden=\"true\" class=\"fas fa-shopping-cart\"><\/i>\t\t\t<\/span>\n\t\t\t\t\t\t\t\t\t<span class=\"elementor-button-text\">V\u00e1s\u00e1rl\u00e1s<\/span>\n\t\t\t\t\t<\/span>\n\t\t\t\t\t<\/a>\n\t\t\t\t<\/div>\n\t\t\t\t\t\t\t\t<\/div>\n\t\t\t\t<\/div>\n\t\t\t\t\t<\/div>\n\t\t<\/div>\n\t\t\t\t<div class=\"elementor-column elementor-col-50 elementor-top-column elementor-element elementor-element-d40d0d8\" data-id=\"d40d0d8\" data-element_type=\"column\" data-settings=\"{&quot;_ob_column_hoveranimator&quot;:&quot;no&quot;,&quot;_ob_column_has_pseudo&quot;:&quot;no&quot;}\">\n\t\t\t<div class=\"elementor-widget-wrap elementor-element-populated\">\n\t\t\t\t\t\t<div class=\"elementor-element elementor-element-92be2a0 ob-has-background-overlay elementor-widget elementor-widget-image\" data-id=\"92be2a0\" data-element_type=\"widget\" data-settings=\"{&quot;_ob_photomorph_use&quot;:&quot;no&quot;,&quot;_ob_widget_stalker_use&quot;:&quot;no&quot;,&quot;_ob_poopart_use&quot;:&quot;yes&quot;,&quot;_ob_shadough_use&quot;:&quot;no&quot;,&quot;_ob_allow_hoveranimator&quot;:&quot;no&quot;}\" data-widget_type=\"image.default\">\n\t\t\t\t<div class=\"elementor-widget-container\">\n\t\t\t\t\t\t\t\t\t\t\t\t\t\t\t<img loading=\"lazy\" decoding=\"async\" width=\"844\" height=\"611\" src=\"https:\/\/julius-k9.com\/wp-content\/uploads\/2022\/01\/kullancsriaszto-kutyakra.jpg\" class=\"attachment-large size-large wp-image-95404\" alt=\"\" srcset=\"https:\/\/julius-k9.com\/wp-content\/uploads\/2022\/01\/kullancsriaszto-kutyakra.jpg 844w, https:\/\/julius-k9.com\/wp-content\/uploads\/2022\/01\/kullancsriaszto-kutyakra-300x217.jpg 300w, https:\/\/julius-k9.com\/wp-content\/uploads\/2022\/01\/kullancsriaszto-kutyakra-768x556.jpg 768w\" sizes=\"(max-width: 844px) 100vw, 844px\" \/>\t\t\t\t\t\t\t\t\t\t\t\t\t\t\t<\/div>\n\t\t\t\t<\/div>\n\t\t\t\t\t<\/div>\n\t\t<\/div>\n\t\t\t\t\t<\/div>\n\t\t<\/section>\n\t\t\t\t<section class=\"elementor-section elementor-top-section elementor-element elementor-element-492db4e elementor-section-stretched elementor-section-boxed elementor-section-height-default elementor-section-height-default\" data-id=\"492db4e\" data-element_type=\"section\" data-settings=\"{&quot;stretch_section&quot;:&quot;section-stretched&quot;,&quot;background_background&quot;:&quot;classic&quot;,&quot;_ob_glider_is_slider&quot;:&quot;no&quot;}\">\n\t\t\t\t\t\t<div class=\"elementor-container elementor-column-gap-default\">\n\t\t\t\t\t<div class=\"elementor-column elementor-col-100 elementor-top-column elementor-element elementor-element-af42b0e\" data-id=\"af42b0e\" data-element_type=\"column\" data-settings=\"{&quot;_ob_column_hoveranimator&quot;:&quot;no&quot;,&quot;_ob_column_has_pseudo&quot;:&quot;no&quot;}\">\n\t\t\t<div class=\"elementor-widget-wrap elementor-element-populated\">\n\t\t\t\t\t\t<div class=\"elementor-element elementor-element-d3746f4 ob-harakiri-inherit ob-has-background-overlay elementor-widget elementor-widget-text-editor\" data-id=\"d3746f4\" data-element_type=\"widget\" data-settings=\"{&quot;_ob_use_harakiri&quot;:&quot;yes&quot;,&quot;_ob_harakiri_writing_mode&quot;:&quot;inherit&quot;,&quot;_ob_postman_use&quot;:&quot;no&quot;,&quot;_ob_widget_stalker_use&quot;:&quot;no&quot;,&quot;_ob_poopart_use&quot;:&quot;yes&quot;,&quot;_ob_shadough_use&quot;:&quot;no&quot;,&quot;_ob_allow_hoveranimator&quot;:&quot;no&quot;}\" data-widget_type=\"text-editor.default\">\n\t\t\t\t<div class=\"elementor-widget-container\">\n\t\t\t\t\t\t\t\t\t<h5 style=\"text-align: center;\">Figyelem!<\/h5>\n<p style=\"text-align: center;\">A riaszt\u00f3 megel\u0151z\u00e9sre haszn\u00e1lhat\u00f3, kullanccsal vagy bolh\u00e1val m\u00e1r er\u0151sen fert\u0151z\u00f6tt kis\u00e1llat parazitamentes\u00edt\u00e9s\u00e9re nem alkalmas. Kullancsszezonban \u00e9rdemes folyamatosan haszn\u00e1lni. Hat\u00e1soss\u00e1ga a sz\u0151rzet \u00e1llapot\u00e1t\u00f3l \u00e9s a k\u00f6rnyezet fert\u0151z\u00f6tts\u00e9g\u00e9t\u0151l is f\u00fcgg. V\u00c9DELEM AK\u00c1R 12 H\u00d3NAPON \u00c1T A k\u00e9sz\u00fcl\u00e9k \u00e1tlagos id\u0151j\u00e1r\u00e1si k\u00f6r\u00fclm\u00e9nyek k\u00f6z\u00f6tt egy eg\u00e9sz szezonra v\u00e9delmet ny\u00fajt, az aktiv\u00e1l\u00e1st k\u00f6vet\u0151en 9-12 h\u00f3napig m\u0171k\u00f6dik.  <\/p>\n\t\t\t\t\t\t\t\t<\/div>\n\t\t\t\t<\/div>\n\t\t\t\t\t<\/div>\n\t\t<\/div>\n\t\t\t\t\t<\/div>\n\t\t<\/section>\n\t\t\t\t<\/div>\n\t\t","protected":false},"excerpt":{"rendered":"<p>ultrahangos kullancs- \u00e9s bolhariaszt\u00f3 Kullancsok \u00e9s bolh\u00e1k ellen is v\u00e9den\u00e9d kedvencedet? Olyan megold\u00e1st keresel, ami sem \u00e1llatra, sem emberre nem jelent vesz\u00e9lyt? Akkor v\u00e1laszd a JULIUS-K9\u00ae ultrahangos riaszt\u00f3t! V\u00e1s\u00e1rl\u00e1s A kis k\u00e9sz\u00fcl\u00e9k v\u00e1ltoz\u00f3 frekvenci\u00e1j\u00fa ultrahangot bocs\u00e1jt ki, ami emberek \u00e9s kuty\u00e1k sz\u00e1m\u00e1ra sem kellemetlen, viszont elriasztja \u00e9s t\u00e1vol tartja a kullancsokat \u00e9s a bolh\u00e1kat. R\u00f6gz\u00edtsd&hellip;<\/p>\n","protected":false},"author":4,"featured_media":0,"parent":0,"menu_order":0,"comment_status":"closed","ping_status":"closed","template":"","meta":{"_acf_changed":false,"footnotes":""},"class_list":["post-96223","page","type-page","status-publish","hentry"],"acf":[],"_links":{"self":[{"href":"https:\/\/julius-k9.com\/hu\/wp-json\/wp\/v2\/pages\/96223","targetHints":{"allow":["GET"]}}],"collection":[{"href":"https:\/\/julius-k9.com\/hu\/wp-json\/wp\/v2\/pages"}],"about":[{"href":"https:\/\/julius-k9.com\/hu\/wp-json\/wp\/v2\/types\/page"}],"author":[{"embeddable":true,"href":"https:\/\/julius-k9.com\/hu\/wp-json\/wp\/v2\/users\/4"}],"replies":[{"embeddable":true,"href":"https:\/\/julius-k9.com\/hu\/wp-json\/wp\/v2\/comments?post=96223"}],"version-history":[{"count":0,"href":"https:\/\/julius-k9.com\/hu\/wp-json\/wp\/v2\/pages\/96223\/revisions"}],"wp:attachment":[{"href":"https:\/\/julius-k9.com\/hu\/wp-json\/wp\/v2\/media?parent=96223"}],"curies":[{"name":"wp","href":"https:\/\/api.w.org\/{rel}","templated":true}]}}