{"id":94234,"date":"2022-01-05T14:39:59","date_gmt":"2022-01-05T14:39:59","guid":{"rendered":"https:\/\/ujoldal.julius-k9.com\/?page_id=94234"},"modified":"2022-01-05T15:21:51","modified_gmt":"2022-01-05T15:21:51","slug":"palyazatok","status":"publish","type":"page","link":"https:\/\/julius-k9.com\/hu\/palyazatok\/","title":{"rendered":"P\u00e1ly\u00e1zatok"},"content":{"rendered":"\t\t<div data-elementor-type=\"wp-page\" data-elementor-id=\"94234\" class=\"elementor elementor-94234\" data-elementor-post-type=\"page\">\n\t\t\t\t\t\t<section class=\"elementor-section elementor-top-section elementor-element elementor-element-ef8f048 elementor-section-boxed elementor-section-height-default elementor-section-height-default\" data-id=\"ef8f048\" data-element_type=\"section\" data-settings=\"{&quot;_ob_glider_is_slider&quot;:&quot;no&quot;}\">\n\t\t\t\t\t\t<div class=\"elementor-container elementor-column-gap-default\">\n\t\t\t\t\t<div class=\"elementor-column elementor-col-100 elementor-top-column elementor-element elementor-element-47934c0\" data-id=\"47934c0\" data-element_type=\"column\" data-settings=\"{&quot;_ob_column_hoveranimator&quot;:&quot;no&quot;,&quot;_ob_column_has_pseudo&quot;:&quot;no&quot;}\">\n\t\t\t<div class=\"elementor-widget-wrap elementor-element-populated\">\n\t\t\t\t\t\t<div class=\"elementor-element elementor-element-ba1c942 ob-has-background-overlay elementor-widget elementor-widget-the7_elements\" data-id=\"ba1c942\" data-element_type=\"widget\" data-settings=\"{&quot;_ob_widget_stalker_use&quot;:&quot;no&quot;,&quot;_ob_poopart_use&quot;:&quot;yes&quot;,&quot;_ob_shadough_use&quot;:&quot;no&quot;,&quot;_ob_allow_hoveranimator&quot;:&quot;no&quot;}\" data-widget_type=\"the7_elements.default\">\n\t\t\t\t<div class=\"elementor-widget-container\">\n\t\t\t\t\t<div class=\"portfolio-shortcode the7-elementor-widget the7_elements-ba1c942 mode-grid dt-css-grid-wrap classic-layout-list description-under-image meta-info-off content-bg-on enable-bg-rollover loading-effect-scale jquery-filter\" data-padding=\"30px\" data-width=\"300\" data-post-limit=\"-1\" data-pagination-mode=\"none\" data-scroll-offset=\"\" aria-live=\"assertive\"><div class=\"dt-css-grid custom-pagination-handler\"><div class=\"visible wf-cell\" data-post-id=\"95665\" data-date=\"2022-01-18T07:29:53+00:00\" data-name=\"Gy\u00e1rt\u00f3kapacit\u00e1s fejleszt\u00e9se a Julius-K9\u00ae tiszai telephelyein\"><article class=\"post visible no-img post-95665 type-post status-publish format-standard hentry category-competition-category-hu\" data-name=\"Gy\u00e1rt\u00f3kapacit\u00e1s fejleszt\u00e9se a Julius-K9\u00ae tiszai telephelyein\" data-date=\"2022-01-18T07:29:53+00:00\">\n\n<div class=\"post-entry-content\">\n\n\t<h3 class=\"ele-entry-title\"><a href=\"https:\/\/julius-k9.com\/hu\/gyartokapacitas-fejlesztese-a-julius-k9-tiszai-telephelyein\/\" rel=\"bookmark\" title=\"Gy\u00e1rt\u00f3kapacit\u00e1s fejleszt\u00e9se a Julius-K9\u00ae tiszai telephelyein\">Gy\u00e1rt\u00f3kapacit\u00e1s fejleszt\u00e9se a Julius-K9\u00ae tiszai telephelyein<\/a><\/h3><div class=\"entry-excerpt\"><p>Jelent\u0151s \u00e1llami t\u00e1mogat\u00e1sb\u00f3l b\u0151v\u00fcl a termel\u00e9skapacit\u00e1s a Julius-K9\u00ae tiszaf\u00fcredi \u00e9s tiszaderzsi telephelyein. A Nagyv\u00e1llalati Beruh\u00e1z\u00e1si T\u00e1mogat\u00e1si Program keret\u00e9ben a K9-Sport Kft. 2021. november\u00e9ben a P\u00e9nz\u00fcgyminiszt\u00e9riumt\u00f3l 135 650 564,- Ft vissza nem t\u00e9r\u00edtend\u0151 t\u00e1mogat\u00e1sban r\u00e9szes\u00fclt. A projekt \u00f6sszk\u00f6lts\u00e9ge 271 301 129,- Ft, \u00e9s a c\u00e9lja a termel\u00e9si kapacit\u00e1s b\u0151v\u00edt\u00e9se a tiszai r\u00e9gi\u00f3ban m\u0171k\u00f6d\u0151 telephelyeinken. A megn\u00f6veked\u0151&hellip;<\/p>\n<\/div><a href=\"https:\/\/julius-k9.com\/hu\/gyartokapacitas-fejlesztese-a-julius-k9-tiszai-telephelyein\/\" target=\"\" aria-label=\"Read more about Gy\u00e1rt\u00f3kapacit\u00e1s fejleszt\u00e9se a Julius-K9\u00ae tiszai telephelyein\" class=\"box-button elementor-button elementor-size-xs\">Tov\u00e1bb<\/a>\n<\/div><\/article><\/div><div class=\"visible wf-cell\" data-post-id=\"75481\" data-date=\"2020-06-05T08:42:51+00:00\" data-name=\"Okos kutyafelszerel\u00e9sek kutat\u00e1sa \u00e9s fejleszt\u00e9se a JULIUS-K9\u00ae vezet\u00e9s\u00e9vel\"><article class=\"post visible post-75481 type-post status-publish format-standard has-post-thumbnail hentry category-news-category-hu category-competition-category-hu\" data-name=\"Okos kutyafelszerel\u00e9sek kutat\u00e1sa \u00e9s fejleszt\u00e9se a JULIUS-K9\u00ae vezet\u00e9s\u00e9vel\" data-date=\"2020-06-05T08:42:51+00:00\">\n\n\t<div class=\"post-thumbnail-wrap\">\n\t\t<div class=\"post-thumbnail\">\n\n\t\t\t<a class=\"post-thumbnail-rollover layzr-bg img-css-resize-wrapper\" aria-label=\"Post image\" href=\"https:\/\/julius-k9.com\/hu\/okos-kutyafelszerelesek-kutatasa-es-fejlesztese-a-julius-k9-vezetesevel\/\"><img decoding=\"async\" width=\"385\" height=\"120\" src=\"data:image\/svg+xml,%3Csvg%20xmlns%3D&#039;http%3A%2F%2Fwww.w3.org%2F2000%2Fsvg&#039;%20viewBox%3D&#039;0%200%20385%20120&#039;%2F%3E\" class=\"attachment-full size-full preload-me aspect lazy lazy-load\" alt=\"\" sizes=\"(max-width: 385px) 100vw, 385px\" style=\"--ratio: 385 \/ 120;\" data-src=\"https:\/\/julius-k9.com\/wp-content\/uploads\/2019\/05\/nkfi-s1-2.png\" loading=\"eager\" data-srcset=\"https:\/\/julius-k9.com\/wp-content\/uploads\/2019\/05\/nkfi-s1-2.png 385w, https:\/\/julius-k9.com\/wp-content\/uploads\/2019\/05\/nkfi-s1-2-300x94.png 300w\" \/><\/a>\n\t\t<\/div>\n\t<\/div>\n\n\n<div class=\"post-entry-content\">\n\n\t<h3 class=\"ele-entry-title\"><a href=\"https:\/\/julius-k9.com\/hu\/okos-kutyafelszerelesek-kutatasa-es-fejlesztese-a-julius-k9-vezetesevel\/\" rel=\"bookmark\" title=\"Okos kutyafelszerel\u00e9sek kutat\u00e1sa \u00e9s fejleszt\u00e9se a JULIUS-K9\u00ae vezet\u00e9s\u00e9vel\">Okos kutyafelszerel\u00e9sek kutat\u00e1sa \u00e9s fejleszt\u00e9se a JULIUS-K9\u00ae vezet\u00e9s\u00e9vel<\/a><\/h3><div class=\"entry-excerpt\"><p>A K9-Sport Kft. a PCB Design Kft.-vel k\u00f6z\u00f6sen 204,36 milli\u00f3 forint vissza nem t\u00e9r\u00edtend\u0151 t\u00e1mogat\u00e1st nyert el a Kis-, k\u00f6z\u00e9p-, \u00e9s nagyv\u00e1llalatok KFI tev\u00e9kenys\u00e9g\u00e9nek t\u00e1mogat\u00e1sa c. program keret\u00e9ben a Nemzeti Kutat\u00e1si, Fejleszt\u00e9si \u00e9s Innov\u00e1ci\u00f3s Alapb\u00f3l.<\/p>\n<\/div><a href=\"https:\/\/julius-k9.com\/hu\/okos-kutyafelszerelesek-kutatasa-es-fejlesztese-a-julius-k9-vezetesevel\/\" target=\"\" aria-label=\"Read more about Okos kutyafelszerel\u00e9sek kutat\u00e1sa \u00e9s fejleszt\u00e9se a JULIUS-K9\u00ae vezet\u00e9s\u00e9vel\" class=\"box-button elementor-button elementor-size-xs\">Tov\u00e1bb<\/a>\n<\/div><\/article><\/div><\/div><!-- iso-container|iso-grid --><\/div>\t\t\t\t<\/div>\n\t\t\t\t<\/div>\n\t\t\t\t\t<\/div>\n\t\t<\/div>\n\t\t\t\t\t<\/div>\n\t\t<\/section>\n\t\t\t\t<\/div>\n\t\t","protected":false},"excerpt":{"rendered":"<p>Okos kutyafelszerel\u00e9sek kutat\u00e1sa \u00e9s fejleszt\u00e9se a JULIUS-K9\u00ae vezet\u00e9s\u00e9vel A K9-Sport Kft. a PCB Design Kft.-vel k\u00f6z\u00f6sen 204,36 milli\u00f3 forint vissza nem t\u00e9r\u00edtend\u0151 t\u00e1mogat\u00e1st nyert el a Kis-, k\u00f6z\u00e9p-, \u00e9s nagyv\u00e1llalatok KFI tev\u00e9kenys\u00e9g\u00e9nek t\u00e1mogat\u00e1sa c. program keret\u00e9ben a Nemzeti Kutat\u00e1si, Fejleszt\u00e9si \u00e9s Innov\u00e1ci\u00f3s Alapb\u00f3l. Tov\u00e1bb<\/p>\n","protected":false},"author":7,"featured_media":0,"parent":0,"menu_order":0,"comment_status":"closed","ping_status":"closed","template":"","meta":{"_acf_changed":false,"footnotes":""},"class_list":["post-94234","page","type-page","status-publish","hentry"],"acf":[],"_links":{"self":[{"href":"https:\/\/julius-k9.com\/hu\/wp-json\/wp\/v2\/pages\/94234","targetHints":{"allow":["GET"]}}],"collection":[{"href":"https:\/\/julius-k9.com\/hu\/wp-json\/wp\/v2\/pages"}],"about":[{"href":"https:\/\/julius-k9.com\/hu\/wp-json\/wp\/v2\/types\/page"}],"author":[{"embeddable":true,"href":"https:\/\/julius-k9.com\/hu\/wp-json\/wp\/v2\/users\/7"}],"replies":[{"embeddable":true,"href":"https:\/\/julius-k9.com\/hu\/wp-json\/wp\/v2\/comments?post=94234"}],"version-history":[{"count":0,"href":"https:\/\/julius-k9.com\/hu\/wp-json\/wp\/v2\/pages\/94234\/revisions"}],"wp:attachment":[{"href":"https:\/\/julius-k9.com\/hu\/wp-json\/wp\/v2\/media?parent=94234"}],"curies":[{"name":"wp","href":"https:\/\/api.w.org\/{rel}","templated":true}]}}