{"id":94207,"date":"2022-01-05T09:46:57","date_gmt":"2022-01-05T09:46:57","guid":{"rendered":"https:\/\/ujoldal.julius-k9.com\/kapcsolat-2\/"},"modified":"2026-04-09T05:02:55","modified_gmt":"2026-04-09T05:02:55","slug":"kapcsolat","status":"publish","type":"page","link":"https:\/\/julius-k9.com\/hu\/kapcsolat\/","title":{"rendered":"Kapcsolat"},"content":{"rendered":"\t\t<div data-elementor-type=\"wp-page\" data-elementor-id=\"94207\" class=\"elementor elementor-94207 elementor-88267\" data-elementor-post-type=\"page\">\n\t\t\t\t\t\t<section class=\"elementor-section elementor-top-section elementor-element elementor-element-48c53e4 elementor-section-boxed elementor-section-height-default elementor-section-height-default\" data-id=\"48c53e4\" data-element_type=\"section\" data-settings=\"{&quot;_ob_glider_is_slider&quot;:&quot;no&quot;}\">\n\t\t\t\t\t\t<div class=\"elementor-container elementor-column-gap-default\">\n\t\t\t\t\t<div class=\"elementor-column elementor-col-100 elementor-top-column elementor-element elementor-element-cf965af\" data-id=\"cf965af\" data-element_type=\"column\" data-settings=\"{&quot;_ob_column_hoveranimator&quot;:&quot;no&quot;,&quot;_ob_column_has_pseudo&quot;:&quot;no&quot;}\">\n\t\t\t<div class=\"elementor-widget-wrap elementor-element-populated\">\n\t\t\t\t\t\t<div class=\"elementor-element elementor-element-3a95697 elementor-tabs-view-vertical ob-has-background-overlay elementor-widget elementor-widget-tabs\" data-id=\"3a95697\" data-element_type=\"widget\" data-settings=\"{&quot;_ob_use_tabbr&quot;:&quot;no&quot;,&quot;_ob_widget_stalker_use&quot;:&quot;no&quot;,&quot;_ob_poopart_use&quot;:&quot;yes&quot;,&quot;_ob_shadough_use&quot;:&quot;no&quot;,&quot;_ob_allow_hoveranimator&quot;:&quot;no&quot;}\" data-widget_type=\"tabs.default\">\n\t\t\t\t<div class=\"elementor-widget-container\">\n\t\t\t\t\t\t\t<div class=\"elementor-tabs\">\n\t\t\t<div class=\"elementor-tabs-wrapper\" role=\"tablist\" >\n\t\t\t\t\t\t\t\t\t<div id=\"elementor-tab-title-6141\" class=\"elementor-tab-title elementor-tab-desktop-title\" aria-selected=\"true\" data-tab=\"1\" role=\"tab\" tabindex=\"0\" aria-controls=\"elementor-tab-content-6141\" aria-expanded=\"false\">K\u00f6zponti el\u00e9rhet\u0151s\u00e9g, mintabolt<\/div>\n\t\t\t\t\t\t\t\t\t<div id=\"elementor-tab-title-6142\" class=\"elementor-tab-title elementor-tab-desktop-title\" aria-selected=\"false\" data-tab=\"2\" role=\"tab\" tabindex=\"-1\" aria-controls=\"elementor-tab-content-6142\" aria-expanded=\"false\">JULIUS-K9 hivatalos magyar webshop<\/div>\n\t\t\t\t\t\t\t\t\t<div id=\"elementor-tab-title-6143\" class=\"elementor-tab-title elementor-tab-desktop-title\" aria-selected=\"false\" data-tab=\"3\" role=\"tab\" tabindex=\"-1\" aria-controls=\"elementor-tab-content-6143\" aria-expanded=\"false\">Egyes\u00fclt Kir\u00e1lys\u00e1g (UK)<\/div>\n\t\t\t\t\t\t\t\t\t<div id=\"elementor-tab-title-6144\" class=\"elementor-tab-title elementor-tab-desktop-title\" aria-selected=\"false\" data-tab=\"4\" role=\"tab\" tabindex=\"-1\" aria-controls=\"elementor-tab-content-6144\" aria-expanded=\"false\">USA le\u00e1nyv\u00e1llalat<\/div>\n\t\t\t\t\t\t\t\t\t<div id=\"elementor-tab-title-6145\" class=\"elementor-tab-title elementor-tab-desktop-title\" aria-selected=\"false\" data-tab=\"5\" role=\"tab\" tabindex=\"-1\" aria-controls=\"elementor-tab-content-6145\" aria-expanded=\"false\">K\u00ednai operat\u00edv k\u00f6zpont<\/div>\n\t\t\t\t\t\t\t\t\t<div id=\"elementor-tab-title-6146\" class=\"elementor-tab-title elementor-tab-desktop-title\" aria-selected=\"false\" data-tab=\"6\" role=\"tab\" tabindex=\"-1\" aria-controls=\"elementor-tab-content-6146\" aria-expanded=\"false\">Marketing<\/div>\n\t\t\t\t\t\t\t\t\t<div id=\"elementor-tab-title-6147\" class=\"elementor-tab-title elementor-tab-desktop-title\" aria-selected=\"false\" data-tab=\"7\" role=\"tab\" tabindex=\"-1\" aria-controls=\"elementor-tab-content-6147\" aria-expanded=\"false\">M\u00e1rkatulajdonos<\/div>\n\t\t\t\t\t\t\t\t\t<div id=\"elementor-tab-title-6148\" class=\"elementor-tab-title elementor-tab-desktop-title\" aria-selected=\"false\" data-tab=\"8\" role=\"tab\" tabindex=\"-1\" aria-controls=\"elementor-tab-content-6148\" aria-expanded=\"false\">JK9 Pet Laser Distribution<\/div>\n\t\t\t\t\t\t\t<\/div>\n\t\t\t<div class=\"elementor-tabs-content-wrapper\" role=\"tablist\" aria-orientation=\"vertical\">\n\t\t\t\t\t\t\t\t\t<div class=\"elementor-tab-title elementor-tab-mobile-title\" aria-selected=\"true\" data-tab=\"1\" role=\"tab\" tabindex=\"0\" aria-controls=\"elementor-tab-content-6141\" aria-expanded=\"false\">K\u00f6zponti el\u00e9rhet\u0151s\u00e9g, mintabolt<\/div>\n\t\t\t\t\t<div id=\"elementor-tab-content-6141\" class=\"elementor-tab-content elementor-clearfix\" data-tab=\"1\" role=\"tabpanel\" aria-labelledby=\"elementor-tab-title-6141\" tabindex=\"0\" hidden=\"false\"><h3>K9-SPORT Kft.<\/h3><p>V\u00e1llalati iroda:<\/p><p>Nyitva: h\u00e9tf\u0151t\u0151l cs\u00fct\u00f6rt\u00f6kig 8-t\u00f3l 15-ig.<\/p><p style=\"padding-left: 40px;\">H-2310 Szigetszentmikl\u00f3s<br \/>Ipar utca 10-12.<br \/>Magyarorsz\u00e1g<\/p><p><a href=\"mailto:info@julius-k9.com\">info@julius-k9.com<\/a><\/p><p>J\u00f3t\u00e1ll\u00e1s: <a href=\"mailto:warranty@julius-k9.com\">warranty@julius-k9.com<\/a><\/p><p>Telefon: +36 20 252 1816<\/p><p>Ad\u00f3sz\u00e1m (UID): 14762345-2-13<\/p><h3>MINTABOLT<\/h3><p>1152 Budapest, V\u00e1roskapu utca 6.<\/p><p><a href=\"mailto:info@panzipet.hu\">info@panzipet.hu<\/a><\/p><p>+36 1 251 51 59<br \/>+36 30 680 8427<\/p><\/div>\n\t\t\t\t\t\t\t\t\t<div class=\"elementor-tab-title elementor-tab-mobile-title\" aria-selected=\"false\" data-tab=\"2\" role=\"tab\" tabindex=\"-1\" aria-controls=\"elementor-tab-content-6142\" aria-expanded=\"false\">JULIUS-K9 hivatalos magyar webshop<\/div>\n\t\t\t\t\t<div id=\"elementor-tab-content-6142\" class=\"elementor-tab-content elementor-clearfix\" data-tab=\"2\" role=\"tabpanel\" aria-labelledby=\"elementor-tab-title-6142\" tabindex=\"0\" hidden=\"hidden\"><h3>JULIUS-K9 Magyarorsz\u00e1g<\/h3><p>2310 Szigetszentmikl\u00f3s, Gy\u00e1ri \u00fat 76<\/p><p><a style=\"color: #4a5191;\" href=\"https:\/\/juliusk9.hu\/\" target=\"_blank\" rel=\"noopener\">https:\/\/juliusk9.hu<\/a><\/p><p>+36 70 3400-383<\/p><p><a href=\"mailto:info@juliusk9.hu\">info@juliusk9.hu<\/a><\/p><\/div>\n\t\t\t\t\t\t\t\t\t<div class=\"elementor-tab-title elementor-tab-mobile-title\" aria-selected=\"false\" data-tab=\"3\" role=\"tab\" tabindex=\"-1\" aria-controls=\"elementor-tab-content-6143\" aria-expanded=\"false\">Egyes\u00fclt Kir\u00e1lys\u00e1g (UK)<\/div>\n\t\t\t\t\t<div id=\"elementor-tab-content-6143\" class=\"elementor-tab-content elementor-clearfix\" data-tab=\"3\" role=\"tabpanel\" aria-labelledby=\"elementor-tab-title-6143\" tabindex=\"0\" hidden=\"hidden\"><h3>Julius-K9\u00ae UK LTD.<\/h3><div>\u00a0<\/div><div><div><p>Old Gospel Hall, High Street, Rawcliffe<br \/>East Riding of Yorkshire, DN14 8QL, UK<\/p><p><b>Contact Us:\u00a0<\/b><\/p><p>01405 860 574<\/p><p><a href=\"mailto:info@julius-k9.co.uk\">info@julius-k9.co.uk<\/a><br \/><a href=\"mailto:info@julius-k9.com\">info@julius-k9.com<\/a><\/p><\/div><\/div><\/div>\n\t\t\t\t\t\t\t\t\t<div class=\"elementor-tab-title elementor-tab-mobile-title\" aria-selected=\"false\" data-tab=\"4\" role=\"tab\" tabindex=\"-1\" aria-controls=\"elementor-tab-content-6144\" aria-expanded=\"false\">USA le\u00e1nyv\u00e1llalat<\/div>\n\t\t\t\t\t<div id=\"elementor-tab-content-6144\" class=\"elementor-tab-content elementor-clearfix\" data-tab=\"4\" role=\"tabpanel\" aria-labelledby=\"elementor-tab-title-6144\" tabindex=\"0\" hidden=\"hidden\"><h3>Julius-K9 LLC.<\/h3><p><a style=\"color: #4a5191;\" href=\"mailto:contact@her-ko.com\">contact@her-ko.com<\/a><\/p><p><a href=\"mailto:info@julius-k9.com\">info@julius-k9.com<\/a><\/p><p>\u00a0<\/p><p><strong>HIVATALOS FORGALMAZ\u00d3 AZ USA-BAN:<\/strong><\/p><p>ACTIVE-K9<br \/>46 Holland Ind Pk Rd,<br \/>Statesboro, GA 30461, USA<\/p><p><a href=\"mailto:info@active-k9.com\">info@active-k9.com<\/a><\/p><p>\u00a0<\/p><div><div><span style=\"font-size: 1rem; word-spacing: normal;\">Julius-K9 \u2013 Trademark and Patent Controlling Group\u00a0<\/span><\/div><div><a style=\"color: #4a5191;\" href=\"mailto:patent@julius-k9.com\">patent@julius-k9.com<\/a><\/div><\/div><div>\u00a0<\/div><\/div>\n\t\t\t\t\t\t\t\t\t<div class=\"elementor-tab-title elementor-tab-mobile-title\" aria-selected=\"false\" data-tab=\"5\" role=\"tab\" tabindex=\"-1\" aria-controls=\"elementor-tab-content-6145\" aria-expanded=\"false\">K\u00ednai operat\u00edv k\u00f6zpont<\/div>\n\t\t\t\t\t<div id=\"elementor-tab-content-6145\" class=\"elementor-tab-content elementor-clearfix\" data-tab=\"5\" role=\"tabpanel\" aria-labelledby=\"elementor-tab-title-6145\" tabindex=\"0\" hidden=\"hidden\"><p><strong>Email:<\/strong><br \/><a href=\"mailto:daiqi7@protonmail.com\">daiqi7@protonmail.com<\/a><\/p><p><strong>Julius-K9 \u2013 Trademark and Patent Controlling Group<\/strong><br \/><a href=\"mailto:patent@julius-k9.com\">patent@julius-k9.com<\/a><\/p><\/div>\n\t\t\t\t\t\t\t\t\t<div class=\"elementor-tab-title elementor-tab-mobile-title\" aria-selected=\"false\" data-tab=\"6\" role=\"tab\" tabindex=\"-1\" aria-controls=\"elementor-tab-content-6146\" aria-expanded=\"false\">Marketing<\/div>\n\t\t\t\t\t<div id=\"elementor-tab-content-6146\" class=\"elementor-tab-content elementor-clearfix\" data-tab=\"6\" role=\"tabpanel\" aria-labelledby=\"elementor-tab-title-6146\" tabindex=\"0\" hidden=\"hidden\"><h3>Marketing<\/h3><p>Email: <a href=\"mailto:marketing@julius-k9.com\">marketing@julius-k9.com<\/a><\/p><\/div>\n\t\t\t\t\t\t\t\t\t<div class=\"elementor-tab-title elementor-tab-mobile-title\" aria-selected=\"false\" data-tab=\"7\" role=\"tab\" tabindex=\"-1\" aria-controls=\"elementor-tab-content-6147\" aria-expanded=\"false\">M\u00e1rkatulajdonos<\/div>\n\t\t\t\t\t<div id=\"elementor-tab-content-6147\" class=\"elementor-tab-content elementor-clearfix\" data-tab=\"7\" role=\"tabpanel\" aria-labelledby=\"elementor-tab-title-6147\" tabindex=\"0\" hidden=\"hidden\"><h3>1. JK9 IP Management Zrt.<\/h3><p>H-2310 Szigetszentmikl\u00f3s F\u00e1s u 11.<\/p><p><strong>Julius-K9 \u2013 Trademark and Patent Controlling Group<\/strong><br \/><a href=\"mailto:patent@julius-k9.com\">patent@julius-k9.com<\/a><\/p><p><strong>Seb\u0151 Gyula \u2013 JULIUS-K9 Team<\/strong><br \/><a href=\"mailto:sebo.gyula@julius-k9.com\">sebo.gyula@julius-k9.com<\/a><\/p><h3>2. JULIUS-K9 Zrt.<\/h3><p>Tax number(UID): HU25756571<br \/>Phone: +36 20 252 1816<br \/><a href=\"https:\/\/julius-k9.com\/\">www.julius-k9.com<\/a><\/p><\/div>\n\t\t\t\t\t\t\t\t\t<div class=\"elementor-tab-title elementor-tab-mobile-title\" aria-selected=\"false\" data-tab=\"8\" role=\"tab\" tabindex=\"-1\" aria-controls=\"elementor-tab-content-6148\" aria-expanded=\"false\">JK9 Pet Laser Distribution<\/div>\n\t\t\t\t\t<div id=\"elementor-tab-content-6148\" class=\"elementor-tab-content elementor-clearfix\" data-tab=\"8\" role=\"tabpanel\" aria-labelledby=\"elementor-tab-title-6148\" tabindex=\"0\" hidden=\"hidden\"><h3>N\u00e9metorsz\u00e1g<\/h3><p><a href=\"https:\/\/www.discountmed.de\/\" target=\"_blank\" rel=\"noopener\">https:\/\/www.discountmed.de\/<\/a><\/p><\/div>\n\t\t\t\t\t\t\t<\/div>\n\t\t<\/div>\n\t\t\t\t\t\t<\/div>\n\t\t\t\t<\/div>\n\t\t\t\t\t<\/div>\n\t\t<\/div>\n\t\t\t\t\t<\/div>\n\t\t<\/section>\n\t\t\t\t<\/div>\n\t\t","protected":false},"excerpt":{"rendered":"<p>K\u00f6zponti el\u00e9rhet\u0151s\u00e9g, mintabolt JULIUS-K9 hivatalos magyar webshop Egyes\u00fclt Kir\u00e1lys\u00e1g (UK) USA le\u00e1nyv\u00e1llalat K\u00ednai operat\u00edv k\u00f6zpont Marketing M\u00e1rkatulajdonos JK9 Pet Laser Distribution K\u00f6zponti el\u00e9rhet\u0151s\u00e9g, mintabolt K9-SPORT Kft. V\u00e1llalati iroda: Nyitva: h\u00e9tf\u0151t\u0151l cs\u00fct\u00f6rt\u00f6kig 8-t\u00f3l 15-ig. H-2310 Szigetszentmikl\u00f3sIpar utca 10-12.Magyarorsz\u00e1g info@julius-k9.com J\u00f3t\u00e1ll\u00e1s: warranty@julius-k9.com Telefon: +36 20 252 1816 Ad\u00f3sz\u00e1m (UID): 14762345-2-13 MINTABOLT 1152 Budapest, V\u00e1roskapu utca 6. info@panzipet.hu&hellip;<\/p>\n","protected":false},"author":4,"featured_media":0,"parent":0,"menu_order":0,"comment_status":"closed","ping_status":"closed","template":"","meta":{"_acf_changed":false,"footnotes":""},"class_list":["post-94207","page","type-page","status-publish","hentry"],"acf":[],"_links":{"self":[{"href":"https:\/\/julius-k9.com\/hu\/wp-json\/wp\/v2\/pages\/94207","targetHints":{"allow":["GET"]}}],"collection":[{"href":"https:\/\/julius-k9.com\/hu\/wp-json\/wp\/v2\/pages"}],"about":[{"href":"https:\/\/julius-k9.com\/hu\/wp-json\/wp\/v2\/types\/page"}],"author":[{"embeddable":true,"href":"https:\/\/julius-k9.com\/hu\/wp-json\/wp\/v2\/users\/4"}],"replies":[{"embeddable":true,"href":"https:\/\/julius-k9.com\/hu\/wp-json\/wp\/v2\/comments?post=94207"}],"version-history":[{"count":37,"href":"https:\/\/julius-k9.com\/hu\/wp-json\/wp\/v2\/pages\/94207\/revisions"}],"predecessor-version":[{"id":249492,"href":"https:\/\/julius-k9.com\/hu\/wp-json\/wp\/v2\/pages\/94207\/revisions\/249492"}],"wp:attachment":[{"href":"https:\/\/julius-k9.com\/hu\/wp-json\/wp\/v2\/media?parent=94207"}],"curies":[{"name":"wp","href":"https:\/\/api.w.org\/{rel}","templated":true}]}}