{"id":197581,"date":"2024-12-18T11:48:32","date_gmt":"2024-12-18T11:48:32","guid":{"rendered":"https:\/\/julius-k9.com\/?page_id=197581"},"modified":"2024-12-18T12:05:23","modified_gmt":"2024-12-18T12:05:23","slug":"palyazat","status":"publish","type":"page","link":"https:\/\/julius-k9.com\/hu\/palyazat\/","title":{"rendered":"P\u00e1ly\u00e1zat"},"content":{"rendered":"\t\t<div data-elementor-type=\"wp-page\" data-elementor-id=\"197581\" class=\"elementor elementor-197581\" data-elementor-post-type=\"page\">\n\t\t\t\t<div class=\"elementor-element elementor-element-2a50d77 e-flex e-con-boxed e-con e-parent\" data-id=\"2a50d77\" data-element_type=\"container\" data-settings=\"{&quot;_ob_use_container_extras&quot;:&quot;no&quot;,&quot;_ob_column_hoveranimator&quot;:&quot;no&quot;,&quot;_ob_glider_is_slider&quot;:&quot;no&quot;,&quot;_ob_column_has_pseudo&quot;:&quot;no&quot;}\">\n\t\t\t\t\t<div class=\"e-con-inner\">\n\t\t\t\t<div class=\"elementor-element elementor-element-2ed19e4 ob-has-background-overlay elementor-widget elementor-widget-image\" data-id=\"2ed19e4\" data-element_type=\"widget\" data-settings=\"{&quot;_ob_photomorph_use&quot;:&quot;no&quot;,&quot;_ob_widget_stalker_use&quot;:&quot;no&quot;,&quot;_ob_poopart_use&quot;:&quot;yes&quot;,&quot;_ob_shadough_use&quot;:&quot;no&quot;,&quot;_ob_allow_hoveranimator&quot;:&quot;no&quot;}\" data-widget_type=\"image.default\">\n\t\t\t\t<div class=\"elementor-widget-container\">\n\t\t\t\t\t\t\t\t\t\t\t\t\t\t\t<img fetchpriority=\"high\" decoding=\"async\" width=\"1024\" height=\"734\" src=\"https:\/\/julius-k9.com\/wp-content\/uploads\/2024\/12\/K9_ginop_2_1_7_15_2016_01306_c_fekvo_nyomdai-1024x734.png\" class=\"attachment-large size-large wp-image-197611\" alt=\"\" srcset=\"https:\/\/julius-k9.com\/wp-content\/uploads\/2024\/12\/K9_ginop_2_1_7_15_2016_01306_c_fekvo_nyomdai-1024x734.png 1024w, https:\/\/julius-k9.com\/wp-content\/uploads\/2024\/12\/K9_ginop_2_1_7_15_2016_01306_c_fekvo_nyomdai-300x215.png 300w, https:\/\/julius-k9.com\/wp-content\/uploads\/2024\/12\/K9_ginop_2_1_7_15_2016_01306_c_fekvo_nyomdai-768x551.png 768w, https:\/\/julius-k9.com\/wp-content\/uploads\/2024\/12\/K9_ginop_2_1_7_15_2016_01306_c_fekvo_nyomdai-1536x1101.png 1536w, https:\/\/julius-k9.com\/wp-content\/uploads\/2024\/12\/K9_ginop_2_1_7_15_2016_01306_c_fekvo_nyomdai-2048x1468.png 2048w\" sizes=\"(max-width: 1024px) 100vw, 1024px\" \/>\t\t\t\t\t\t\t\t\t\t\t\t\t\t\t<\/div>\n\t\t\t\t<\/div>\n\t\t\t\t<div class=\"elementor-element elementor-element-209d392 ob-harakiri-inherit ob-has-background-overlay elementor-widget elementor-widget-text-editor\" data-id=\"209d392\" data-element_type=\"widget\" data-settings=\"{&quot;_ob_use_harakiri&quot;:&quot;yes&quot;,&quot;_ob_harakiri_writing_mode&quot;:&quot;inherit&quot;,&quot;_ob_postman_use&quot;:&quot;no&quot;,&quot;_ob_widget_stalker_use&quot;:&quot;no&quot;,&quot;_ob_poopart_use&quot;:&quot;yes&quot;,&quot;_ob_shadough_use&quot;:&quot;no&quot;,&quot;_ob_allow_hoveranimator&quot;:&quot;no&quot;}\" data-widget_type=\"text-editor.default\">\n\t\t\t\t<div class=\"elementor-widget-container\">\n\t\t\t\t\t\t\t\t\t<p style=\"margin: 0cm;\"><span style=\"font-size: 10.0pt; font-family: 'Arial',sans-serif; color: black;\">A kedvezm\u00e9nyezett neve:\u00a0 K9-Sport Kereskedelmi \u00e9s Szolg\u00e1ltat\u00f3\u00a0 Kft,<\/span><\/p><p style=\"margin: 0cm;\"><span style=\"font-size: 10.0pt; font-family: 'Arial',sans-serif; color: black;\">A projekt c\u00edme: Rugalmas mell\u00f6v\u0171 sz\u00fcgyel\u0151s h\u00e1m fejleszt\u00e9se,<\/span><\/p><p style=\"margin: 0cm;\"><span style=\"font-size: 10.0pt; font-family: 'Arial',sans-serif; color: black;\">A szerz\u0151d\u00f6tt t\u00e1mogat\u00e1s \u00f6sszege: 38 708 014 Ft,<\/span><\/p><p style=\"margin: 0cm;\"><span style=\"font-size: 10.0pt; font-family: 'Arial',sans-serif; color: black;\">A t\u00e1mogat\u00e1s m\u00e9rt\u00e9ke: 54.93 %<\/span><\/p><p style=\"margin: 0cm;\"><span style=\"font-size: 10.0pt; font-family: 'Arial',sans-serif; color: black;\">A projekt tartalm\u00e1nak bemutat\u00e1sa:\u00a0<\/span><\/p><p style=\"margin: 0cm;\"><span style=\"font-size: 10.0pt; font-family: 'Arial',sans-serif; color: black;\">A fejleszt\u00e9s c\u00e9lja egy olyan sz\u00fcgyel\u0151s h\u00e1m, mely eddig a piacon nem volt el\u00e9rhet\u0151. Ez\u00e1ltal egy olyan, kutya felszerel\u00e9ssel gazdagodhatnak a kutyatart\u00f3k, ami a benne megval\u00f3s\u00edtott fejleszt\u00e9ssel a kutyafelszerel\u00e9sek tekintet\u00e9ben \u00faj ir\u00e1nyvonalat szab, valamint r\u00e1vil\u00e1g\u00edt olyan, az \u00edz\u00fcletek eg\u00e9szs\u00e9g\u00e9t meg\u00f3v\u00f3 kieg\u00e9sz\u00edt\u0151kre, melyek a kutyah\u00e1m rugalmass\u00e1ga mellett maxim\u00e1lis biztons\u00e1got ny\u00fajtanak a p\u00f3r\u00e1zon vezet\u00e9sn\u00e9l. A kutyah\u00e1m t\u00f6bb m\u00e9retben ker\u00fcl megval\u00f3s\u00edt\u00e1sra. A projekt keret\u00e9n bel\u00fcl megval\u00f3s\u00edt\u00e1sra ker\u00fcl a sorozatgy\u00e1rt\u00e1s egy \u00faj \u00fczemben, a legmodernebb c\u00e9lg\u00e9pek be\u00fczemel\u00e9s\u00e9vel. A k\u00e9szterm\u00e9kek szab\u00e1sa, min\u0151s\u00e9gellen\u0151rz\u00e9se \u00e9s a csomagol\u00e1s is a megval\u00f3s\u00edt\u00e1si helysz\u00ednen t\u00f6rt\u00e9nhet. Eur\u00f3pa szerte, valamint \u00c9szak-Amerik\u00e1ban is bemutat\u00e1sra ker\u00fcl a fejleszt\u00e9s szakmai ki\u00e1ll\u00edt\u00e1sokon, online \u00e9s nyomdai fel\u00fcleten.<\/span><\/p><p style=\"margin: 0cm;\"><span style=\"font-size: 10.0pt; font-family: 'Arial',sans-serif; color: black;\">\u00a0<\/span><\/p><p style=\"margin: 0cm;\"><span style=\"font-size: 10.0pt; font-family: 'Arial',sans-serif; color: black;\">A projekt befejez\u00e9si d\u00e1tuma: <\/span><span style=\"font-size: 10.0pt; font-family: Roboto; color: black;\">2018.03.31.<\/span><\/p><p style=\"margin: 0cm;\"><span style=\"font-size: 10.0pt; font-family: 'Arial',sans-serif; color: black;\">Projekt azonos\u00edt\u00f3 sz\u00e1ma: GINOP-2.1.7-15-2016-01306<\/span><\/p>\t\t\t\t\t\t\t\t<\/div>\n\t\t\t\t<\/div>\n\t\t\t\t\t<\/div>\n\t\t\t\t<\/div>\n\t\t\t\t<\/div>\n\t\t","protected":false},"excerpt":{"rendered":"<p>A kedvezm\u00e9nyezett neve:\u00a0 K9-Sport Kereskedelmi \u00e9s Szolg\u00e1ltat\u00f3\u00a0 Kft, A projekt c\u00edme: Rugalmas mell\u00f6v\u0171 sz\u00fcgyel\u0151s h\u00e1m fejleszt\u00e9se, A szerz\u0151d\u00f6tt t\u00e1mogat\u00e1s \u00f6sszege: 38 708 014 Ft, A t\u00e1mogat\u00e1s m\u00e9rt\u00e9ke: 54.93 % A projekt tartalm\u00e1nak bemutat\u00e1sa:\u00a0 A fejleszt\u00e9s c\u00e9lja egy olyan sz\u00fcgyel\u0151s h\u00e1m, mely eddig a piacon nem volt el\u00e9rhet\u0151. Ez\u00e1ltal egy olyan, kutya felszerel\u00e9ssel gazdagodhatnak a kutyatart\u00f3k,&hellip;<\/p>\n","protected":false},"author":40,"featured_media":0,"parent":0,"menu_order":0,"comment_status":"closed","ping_status":"closed","template":"","meta":{"_acf_changed":false,"footnotes":""},"class_list":["post-197581","page","type-page","status-publish","hentry"],"acf":[],"_links":{"self":[{"href":"https:\/\/julius-k9.com\/hu\/wp-json\/wp\/v2\/pages\/197581","targetHints":{"allow":["GET"]}}],"collection":[{"href":"https:\/\/julius-k9.com\/hu\/wp-json\/wp\/v2\/pages"}],"about":[{"href":"https:\/\/julius-k9.com\/hu\/wp-json\/wp\/v2\/types\/page"}],"author":[{"embeddable":true,"href":"https:\/\/julius-k9.com\/hu\/wp-json\/wp\/v2\/users\/40"}],"replies":[{"embeddable":true,"href":"https:\/\/julius-k9.com\/hu\/wp-json\/wp\/v2\/comments?post=197581"}],"version-history":[{"count":10,"href":"https:\/\/julius-k9.com\/hu\/wp-json\/wp\/v2\/pages\/197581\/revisions"}],"predecessor-version":[{"id":197668,"href":"https:\/\/julius-k9.com\/hu\/wp-json\/wp\/v2\/pages\/197581\/revisions\/197668"}],"wp:attachment":[{"href":"https:\/\/julius-k9.com\/hu\/wp-json\/wp\/v2\/media?parent=197581"}],"curies":[{"name":"wp","href":"https:\/\/api.w.org\/{rel}","templated":true}]}}