{"id":182302,"date":"2024-05-16T09:13:48","date_gmt":"2024-05-16T09:13:48","guid":{"rendered":"https:\/\/julius-k9.com\/?page_id=182302"},"modified":"2024-05-16T09:29:15","modified_gmt":"2024-05-16T09:29:15","slug":"adatkezelesi-tajekoztato","status":"publish","type":"page","link":"https:\/\/julius-k9.com\/hu\/adatkezelesi-tajekoztato\/","title":{"rendered":"Adatkezel\u00e9si t\u00e1j\u00e9koztat\u00f3"},"content":{"rendered":"\n<iframe width='100%' height='1000' src='https:\/\/api.virtualjog.hu\/api\/v1\/document\/7372?access-token=45d27b5fa679759b5ed3721095e05463' frameborder='0'><\/iframe>\n","protected":false},"excerpt":{"rendered":"","protected":false},"author":4,"featured_media":0,"parent":0,"menu_order":0,"comment_status":"closed","ping_status":"closed","template":"","meta":{"_acf_changed":false,"footnotes":""},"class_list":["post-182302","page","type-page","status-publish","hentry","description-off"],"acf":[],"_links":{"self":[{"href":"https:\/\/julius-k9.com\/hu\/wp-json\/wp\/v2\/pages\/182302","targetHints":{"allow":["GET"]}}],"collection":[{"href":"https:\/\/julius-k9.com\/hu\/wp-json\/wp\/v2\/pages"}],"about":[{"href":"https:\/\/julius-k9.com\/hu\/wp-json\/wp\/v2\/types\/page"}],"author":[{"embeddable":true,"href":"https:\/\/julius-k9.com\/hu\/wp-json\/wp\/v2\/users\/4"}],"replies":[{"embeddable":true,"href":"https:\/\/julius-k9.com\/hu\/wp-json\/wp\/v2\/comments?post=182302"}],"version-history":[{"count":2,"href":"https:\/\/julius-k9.com\/hu\/wp-json\/wp\/v2\/pages\/182302\/revisions"}],"predecessor-version":[{"id":182311,"href":"https:\/\/julius-k9.com\/hu\/wp-json\/wp\/v2\/pages\/182302\/revisions\/182311"}],"wp:attachment":[{"href":"https:\/\/julius-k9.com\/hu\/wp-json\/wp\/v2\/media?parent=182302"}],"curies":[{"name":"wp","href":"https:\/\/api.w.org\/{rel}","templated":true}]}}