{"id":148678,"date":"2022-10-17T07:01:48","date_gmt":"2022-10-17T07:01:48","guid":{"rendered":"https:\/\/julius-k9.com\/?page_id=148678"},"modified":"2024-05-16T11:45:18","modified_gmt":"2024-05-16T11:45:18","slug":"kutatasi-eredmenyek","status":"publish","type":"page","link":"https:\/\/julius-k9.com\/hu\/kutatasi-eredmenyek\/","title":{"rendered":"Kutat\u00e1si eredm\u00e9nyek"},"content":{"rendered":"\t\t<div data-elementor-type=\"wp-page\" data-elementor-id=\"148678\" class=\"elementor elementor-148678 elementor-176992\" data-elementor-post-type=\"page\">\n\t\t\t\t<div class=\"elementor-element elementor-element-abfecaa e-flex e-con-boxed e-con e-parent\" data-id=\"abfecaa\" data-element_type=\"container\" data-settings=\"{&quot;background_background&quot;:&quot;classic&quot;,&quot;_ob_use_container_extras&quot;:&quot;no&quot;,&quot;_ob_column_hoveranimator&quot;:&quot;no&quot;,&quot;_ob_glider_is_slider&quot;:&quot;no&quot;,&quot;_ob_column_has_pseudo&quot;:&quot;no&quot;}\">\n\t\t\t\t\t<div class=\"e-con-inner\">\n\t\t\t\t<div class=\"elementor-element elementor-element-c928f5d preserve-img-ratio-cover ob-has-background-overlay elementor-widget elementor-widget-the7_elements\" data-id=\"c928f5d\" data-element_type=\"widget\" data-settings=\"{&quot;_ob_widget_stalker_use&quot;:&quot;no&quot;,&quot;_ob_poopart_use&quot;:&quot;yes&quot;,&quot;_ob_shadough_use&quot;:&quot;no&quot;,&quot;_ob_allow_hoveranimator&quot;:&quot;no&quot;}\" data-widget_type=\"the7_elements.default\">\n\t\t\t\t<div class=\"elementor-widget-container\">\n\t\t\t\t\t<div class=\"portfolio-shortcode the7-elementor-widget the7_elements-c928f5d mode-grid dt-css-grid-wrap classic-layout-list description-under-image quick-scale-img meta-info-off content-bg-on enable-bg-rollover resize-by-browser-width loading-effect-none jquery-filter\" data-padding=\"20px\" data-mobile-columns-num=\"1\" data-tablet-columns-num=\"2\" data-desktop-columns-num=\"4\" data-wide-desktop-columns-num=\"4\" data-post-limit=\"-1\" data-pagination-mode=\"none\" data-scroll-offset=\"\" aria-live=\"assertive\"><div class=\"dt-css-grid custom-pagination-handler\"><div class=\"visible wf-cell\" data-post-id=\"176695\" data-date=\"2024-03-23T12:47:51+00:00\" data-name=\"A mindennapok kutyah\u00e1mja - szabad l\u00e9gz\u00e9s, szabad mozg\u00e1s\"><article class=\"post visible post-176695 type-post status-publish format-standard has-post-thumbnail hentry category-blog-hu category-kutatasok category-211 category-361 description-off\" data-name=\"A mindennapok kutyah\u00e1mja &#8211; szabad l\u00e9gz\u00e9s, szabad mozg\u00e1s\" data-date=\"2024-03-23T12:47:51+00:00\">\n\n\t<div class=\"post-thumbnail-wrap\">\n\t\t<div class=\"post-thumbnail\">\n\n\t\t\t<a class=\"post-thumbnail-rollover layzr-bg img-css-resize-wrapper\" aria-label=\"Post image\" href=\"https:\/\/julius-k9.com\/hu\/a-mindennapok-kutyahamja-szabad-legzes-szabad-mozgas\/\"><img fetchpriority=\"high\" decoding=\"async\" width=\"586\" height=\"551\" src=\"data:image\/svg+xml,%3Csvg%20xmlns%3D&#039;http%3A%2F%2Fwww.w3.org%2F2000%2Fsvg&#039;%20viewBox%3D&#039;0%200%20586%20551&#039;%2F%3E\" class=\"attachment-full size-full preload-me aspect lazy lazy-load\" alt=\"\" sizes=\"(max-width: 586px) 100vw, 586px\" style=\"--ratio: 586 \/ 551;\" data-src=\"https:\/\/julius-k9.com\/wp-content\/uploads\/2024\/03\/power.jpg\" loading=\"eager\" data-srcset=\"https:\/\/julius-k9.com\/wp-content\/uploads\/2024\/03\/power.jpg 586w, https:\/\/julius-k9.com\/wp-content\/uploads\/2024\/03\/power-300x282.jpg 300w\" \/><span class=\"the7-hover-icon\"><i aria-hidden=\"true\" class=\"fas fa-plus\"><\/i><\/span><\/a>\n\t\t<\/div>\n\t<\/div>\n\n\n<div class=\"post-entry-content\">\n\n\t<h3 class=\"ele-entry-title\"><a href=\"https:\/\/julius-k9.com\/hu\/a-mindennapok-kutyahamja-szabad-legzes-szabad-mozgas\/\" rel=\"bookmark\" title=\"A mindennapok kutyah\u00e1mja &#8211; szabad l\u00e9gz\u00e9s, szabad mozg\u00e1s\">A mindennapok kutyah\u00e1mja &#8211; szabad l\u00e9gz\u00e9s, szabad mozg\u00e1s<\/a><\/h3><div class=\"entry-excerpt\"><p>Kutyah\u00e1mjaink m\u00e9retv\u00e1laszt\u00e9k\u00e1t mozg\u00e1selemz\u00e9seket k\u00f6vet\u0151en alak\u00edtjuk ki \u00e9vtizedek \u00f3ta. A napi szinten haszn\u00e1lt kutyah\u00e1mok eset\u00e9ben legfontosabb&hellip;<\/p>\n<\/div><a href=\"https:\/\/julius-k9.com\/hu\/a-mindennapok-kutyahamja-szabad-legzes-szabad-mozgas\/\" target=\"\" aria-label=\"Read more about A mindennapok kutyah\u00e1mja &#8211; szabad l\u00e9gz\u00e9s, szabad mozg\u00e1s\" class=\"box-button elementor-button elementor-size-xs\">Details<\/a>\n<\/div><\/article><\/div><div class=\"visible wf-cell\" data-post-id=\"150406\" data-date=\"2022-12-27T06:43:57+00:00\" data-name=\"A kutyah\u00e1mok, a v\u00e1llmozg\u00e1s \u00e9s a b\u0151r elmozdul\u00e1s\u00e1nak \u00f6sszef\u00fcgg\u00e9sei\"><article class=\"post visible post-150406 type-post status-publish format-standard has-post-thumbnail hentry category-kutatasok category-361 description-off\" data-name=\"A kutyah\u00e1mok, a v\u00e1llmozg\u00e1s \u00e9s a b\u0151r elmozdul\u00e1s\u00e1nak \u00f6sszef\u00fcgg\u00e9sei\" data-date=\"2022-12-27T06:43:57+00:00\">\n\n\t<div class=\"post-thumbnail-wrap\">\n\t\t<div class=\"post-thumbnail\">\n\n\t\t\t<a class=\"post-thumbnail-rollover layzr-bg img-css-resize-wrapper\" aria-label=\"Post image\" href=\"https:\/\/julius-k9.com\/hu\/a-kutyahamok-a-vallmozgas-es-a-bor-elmozdulasanak-osszefuggesei\/\"><img decoding=\"async\" width=\"940\" height=\"590\" src=\"data:image\/svg+xml,%3Csvg%20xmlns%3D&#039;http%3A%2F%2Fwww.w3.org%2F2000%2Fsvg&#039;%20viewBox%3D&#039;0%200%20940%20590&#039;%2F%3E\" class=\"attachment-full size-full preload-me aspect lazy lazy-load\" alt=\"\" sizes=\"(max-width: 940px) 100vw, 940px\" style=\"--ratio: 940 \/ 590;\" data-src=\"https:\/\/julius-k9.com\/wp-content\/uploads\/2022\/12\/wet-dog2.jpg\" loading=\"eager\" data-srcset=\"https:\/\/julius-k9.com\/wp-content\/uploads\/2022\/12\/wet-dog2.jpg 940w, https:\/\/julius-k9.com\/wp-content\/uploads\/2022\/12\/wet-dog2-300x188.jpg 300w, https:\/\/julius-k9.com\/wp-content\/uploads\/2022\/12\/wet-dog2-768x482.jpg 768w\" \/><span class=\"the7-hover-icon\"><i aria-hidden=\"true\" class=\"fas fa-plus\"><\/i><\/span><\/a>\n\t\t<\/div>\n\t<\/div>\n\n\n<div class=\"post-entry-content\">\n\n\t<h3 class=\"ele-entry-title\"><a href=\"https:\/\/julius-k9.com\/hu\/a-kutyahamok-a-vallmozgas-es-a-bor-elmozdulasanak-osszefuggesei\/\" rel=\"bookmark\" title=\"A kutyah\u00e1mok, a v\u00e1llmozg\u00e1s \u00e9s a b\u0151r elmozdul\u00e1s\u00e1nak \u00f6sszef\u00fcgg\u00e9sei\">A kutyah\u00e1mok, a v\u00e1llmozg\u00e1s \u00e9s a b\u0151r elmozdul\u00e1s\u00e1nak \u00f6sszef\u00fcgg\u00e9sei<\/a><\/h3><div class=\"entry-excerpt\"><p>A kutyah\u00e1mok nem akad\u00e1lyozz\u00e1k a kutya v\u00e1llmozg\u00e1s\u00e1t, mert a kutya b\u0151re d\u00f6bbenetes m\u00e9rt\u00e9k\u0171 elforg\u00e1sra k\u00e9pes.&hellip;<\/p>\n<\/div><a href=\"https:\/\/julius-k9.com\/hu\/a-kutyahamok-a-vallmozgas-es-a-bor-elmozdulasanak-osszefuggesei\/\" target=\"\" aria-label=\"Read more about A kutyah\u00e1mok, a v\u00e1llmozg\u00e1s \u00e9s a b\u0151r elmozdul\u00e1s\u00e1nak \u00f6sszef\u00fcgg\u00e9sei\" class=\"box-button elementor-button elementor-size-xs\">Details<\/a>\n<\/div><\/article><\/div><div class=\"visible wf-cell\" data-post-id=\"76834\" data-date=\"2020-08-05T13:22:16+00:00\" data-name=\"Az Y-h\u00e1mok er\u0151sebben korl\u00e1tozhatj\u00e1k a kuty\u00e1k v\u00e1llmozg\u00e1s\u00e1t\"><article class=\"post visible post-76834 type-post status-publish format-standard has-post-thumbnail hentry category-kutatasok category-361 description-off\" data-name=\"Az Y-h\u00e1mok er\u0151sebben korl\u00e1tozhatj\u00e1k a kuty\u00e1k v\u00e1llmozg\u00e1s\u00e1t\" data-date=\"2020-08-05T13:22:16+00:00\">\n\n\t<div class=\"post-thumbnail-wrap\">\n\t\t<div class=\"post-thumbnail\">\n\n\t\t\t<a class=\"post-thumbnail-rollover layzr-bg img-css-resize-wrapper\" aria-label=\"Post image\" href=\"https:\/\/julius-k9.com\/hu\/az-y-hamok-erosebben-korlatozhatjak-a-kutyak-vallmozgasat\/\"><img decoding=\"async\" width=\"940\" height=\"353\" src=\"data:image\/svg+xml,%3Csvg%20xmlns%3D&#039;http%3A%2F%2Fwww.w3.org%2F2000%2Fsvg&#039;%20viewBox%3D&#039;0%200%20940%20353&#039;%2F%3E\" class=\"attachment-full size-full preload-me aspect lazy lazy-load\" alt=\"\" sizes=\"(max-width: 940px) 100vw, 940px\" style=\"--ratio: 940 \/ 353;\" data-src=\"https:\/\/julius-k9.com\/wp-content\/uploads\/2020\/08\/Jena-Study.jpg\" loading=\"eager\" data-srcset=\"https:\/\/julius-k9.com\/wp-content\/uploads\/2020\/08\/Jena-Study.jpg 940w, https:\/\/julius-k9.com\/wp-content\/uploads\/2020\/08\/Jena-Study-300x113.jpg 300w, https:\/\/julius-k9.com\/wp-content\/uploads\/2020\/08\/Jena-Study-768x288.jpg 768w\" \/><span class=\"the7-hover-icon\"><i aria-hidden=\"true\" class=\"fas fa-plus\"><\/i><\/span><\/a>\n\t\t<\/div>\n\t<\/div>\n\n\n<div class=\"post-entry-content\">\n\n\t<h3 class=\"ele-entry-title\"><a href=\"https:\/\/julius-k9.com\/hu\/az-y-hamok-erosebben-korlatozhatjak-a-kutyak-vallmozgasat\/\" rel=\"bookmark\" title=\"Az Y-h\u00e1mok er\u0151sebben korl\u00e1tozhatj\u00e1k a kuty\u00e1k v\u00e1llmozg\u00e1s\u00e1t\">Az Y-h\u00e1mok er\u0151sebben korl\u00e1tozhatj\u00e1k a kuty\u00e1k v\u00e1llmozg\u00e1s\u00e1t<\/a><\/h3><div class=\"entry-excerpt\"><p>Fel\u00fclb\u00edr\u00e1lta az egyes kutyah\u00e1mt\u00edpusok hat\u00e1sait a kutya mozg\u00e1s\u00e1ra a Brit Kir\u00e1lyi \u00c1llatorvosi Egyetem tanulm\u00e1nya. A&hellip;<\/p>\n<\/div><a href=\"https:\/\/julius-k9.com\/hu\/az-y-hamok-erosebben-korlatozhatjak-a-kutyak-vallmozgasat\/\" target=\"\" aria-label=\"Read more about Az Y-h\u00e1mok er\u0151sebben korl\u00e1tozhatj\u00e1k a kuty\u00e1k v\u00e1llmozg\u00e1s\u00e1t\" class=\"box-button elementor-button elementor-size-xs\">Details<\/a>\n<\/div><\/article><\/div><div class=\"visible wf-cell\" data-post-id=\"76131\" data-date=\"2020-06-30T10:00:29+00:00\" data-name=\"Egyetemi kutat\u00e1s a kutyah\u00e1mok m\u00f6g\u00f6tt\"><article class=\"post visible post-76131 type-post status-publish format-standard has-post-thumbnail hentry category-kutatasok category-361 description-off\" data-name=\"Egyetemi kutat\u00e1s a kutyah\u00e1mok m\u00f6g\u00f6tt\" data-date=\"2020-06-30T10:00:29+00:00\">\n\n\t<div class=\"post-thumbnail-wrap\">\n\t\t<div class=\"post-thumbnail\">\n\n\t\t\t<a class=\"post-thumbnail-rollover layzr-bg img-css-resize-wrapper\" aria-label=\"Post image\" href=\"https:\/\/julius-k9.com\/hu\/egyetemi-kutatas-a-kutyahamok-mogott\/\"><img decoding=\"async\" width=\"940\" height=\"627\" src=\"data:image\/svg+xml,%3Csvg%20xmlns%3D&#039;http%3A%2F%2Fwww.w3.org%2F2000%2Fsvg&#039;%20viewBox%3D&#039;0%200%20940%20627&#039;%2F%3E\" class=\"attachment-full size-full preload-me aspect lazy lazy-load\" alt=\"\" sizes=\"(max-width: 940px) 100vw, 940px\" style=\"--ratio: 940 \/ 627;\" data-src=\"https:\/\/julius-k9.com\/wp-content\/uploads\/2020\/06\/University-Research-backing-up-Dog-Harnesses4-2.jpg\" loading=\"eager\" data-srcset=\"https:\/\/julius-k9.com\/wp-content\/uploads\/2020\/06\/University-Research-backing-up-Dog-Harnesses4-2.jpg 940w, https:\/\/julius-k9.com\/wp-content\/uploads\/2020\/06\/University-Research-backing-up-Dog-Harnesses4-2-300x200.jpg 300w, https:\/\/julius-k9.com\/wp-content\/uploads\/2020\/06\/University-Research-backing-up-Dog-Harnesses4-2-768x512.jpg 768w\" \/><span class=\"the7-hover-icon\"><i aria-hidden=\"true\" class=\"fas fa-plus\"><\/i><\/span><\/a>\n\t\t<\/div>\n\t<\/div>\n\n\n<div class=\"post-entry-content\">\n\n\t<h3 class=\"ele-entry-title\"><a href=\"https:\/\/julius-k9.com\/hu\/egyetemi-kutatas-a-kutyahamok-mogott\/\" rel=\"bookmark\" title=\"Egyetemi kutat\u00e1s a kutyah\u00e1mok m\u00f6g\u00f6tt\">Egyetemi kutat\u00e1s a kutyah\u00e1mok m\u00f6g\u00f6tt<\/a><\/h3><div class=\"entry-excerpt\"><p>A kutyah\u00e1mok nagyban hozz\u00e1j\u00e1rulnak ahhoz, hogy t\u00f6bb id\u0151t \u00e9s \u00e9lm\u00e9nyt \u00e9lhess\u00fcnk meg egy\u00fctt kedvenc\u00fcnkkel. Ak\u00e1r&hellip;<\/p>\n<\/div><a href=\"https:\/\/julius-k9.com\/hu\/egyetemi-kutatas-a-kutyahamok-mogott\/\" target=\"\" aria-label=\"Read more about Egyetemi kutat\u00e1s a kutyah\u00e1mok m\u00f6g\u00f6tt\" class=\"box-button elementor-button elementor-size-xs\">Details<\/a>\n<\/div><\/article><\/div><div class=\"visible wf-cell\" data-post-id=\"56534\" data-date=\"2018-08-23T06:55:13+00:00\" data-name=\"JULIUS-K9\u00ae IDC\u00ae Powerh\u00e1m mozg\u00e1stanulm\u00e1ny\"><article class=\"post visible post-56534 type-post status-publish format-standard has-post-thumbnail hentry category-news-category-hu category-kutatasok category-223 category-361 description-off\" data-name=\"JULIUS-K9\u00ae IDC\u00ae Powerh\u00e1m mozg\u00e1stanulm\u00e1ny\" data-date=\"2018-08-23T06:55:13+00:00\">\n\n\t<div class=\"post-thumbnail-wrap\">\n\t\t<div class=\"post-thumbnail\">\n\n\t\t\t<a class=\"post-thumbnail-rollover layzr-bg img-css-resize-wrapper\" aria-label=\"Post image\" href=\"https:\/\/julius-k9.com\/hu\/julius-k9-idc-powerham-mozgastanulmany\/\"><img decoding=\"async\" width=\"940\" height=\"439\" src=\"data:image\/svg+xml,%3Csvg%20xmlns%3D&#039;http%3A%2F%2Fwww.w3.org%2F2000%2Fsvg&#039;%20viewBox%3D&#039;0%200%20940%20439&#039;%2F%3E\" class=\"attachment-full size-full preload-me aspect lazy lazy-load\" alt=\"JULIUS-K9\u00ae IDC\u00ae Powerh\u00e1m fut\u00e1s teszt\" sizes=\"(max-width: 940px) 100vw, 940px\" style=\"--ratio: 940 \/ 439;\" data-src=\"https:\/\/julius-k9.com\/wp-content\/uploads\/2018\/08\/agarpark1.jpg\" loading=\"eager\" data-srcset=\"https:\/\/julius-k9.com\/wp-content\/uploads\/2018\/08\/agarpark1.jpg 940w, https:\/\/julius-k9.com\/wp-content\/uploads\/2018\/08\/agarpark1-300x140.jpg 300w, https:\/\/julius-k9.com\/wp-content\/uploads\/2018\/08\/agarpark1-768x359.jpg 768w\" \/><span class=\"the7-hover-icon\"><i aria-hidden=\"true\" class=\"fas fa-plus\"><\/i><\/span><\/a>\n\t\t<\/div>\n\t<\/div>\n\n\n<div class=\"post-entry-content\">\n\n\t<h3 class=\"ele-entry-title\"><a href=\"https:\/\/julius-k9.com\/hu\/julius-k9-idc-powerham-mozgastanulmany\/\" rel=\"bookmark\" title=\"JULIUS-K9\u00ae IDC\u00ae Powerh\u00e1m mozg\u00e1stanulm\u00e1ny\">JULIUS-K9\u00ae IDC\u00ae Powerh\u00e1m mozg\u00e1stanulm\u00e1ny<\/a><\/h3><div class=\"entry-excerpt\"><p>Meg\u00e1llap\u00edtottuk, hogy a JULIUS-K9\u00ae IDC\u00ae Powerh\u00e1m fut\u00e1s k\u00f6zben nem akad\u00e1lyozza a kutya mozg\u00e1s\u00e1t&#8230;<\/p>\n<\/div><a href=\"https:\/\/julius-k9.com\/hu\/julius-k9-idc-powerham-mozgastanulmany\/\" target=\"\" aria-label=\"Read more about JULIUS-K9\u00ae IDC\u00ae Powerh\u00e1m mozg\u00e1stanulm\u00e1ny\" class=\"box-button elementor-button elementor-size-xs\">Details<\/a>\n<\/div><\/article><\/div><\/div><!-- iso-container|iso-grid --><\/div>\t\t\t\t<\/div>\n\t\t\t\t<\/div>\n\t\t\t\t\t<\/div>\n\t\t\t\t<\/div>\n\t\t\t\t<\/div>\n\t\t","protected":false},"excerpt":{"rendered":"<p>A mindennapok kutyah\u00e1mja &#8211; szabad l\u00e9gz\u00e9s, szabad mozg\u00e1s Kutyah\u00e1mjaink m\u00e9retv\u00e1laszt\u00e9k\u00e1t mozg\u00e1selemz\u00e9seket k\u00f6vet\u0151en alak\u00edtjuk ki \u00e9vtizedek \u00f3ta. A napi szinten haszn\u00e1lt kutyah\u00e1mok eset\u00e9ben legfontosabb&hellip; Details A kutyah\u00e1mok, a v\u00e1llmozg\u00e1s \u00e9s a b\u0151r elmozdul\u00e1s\u00e1nak \u00f6sszef\u00fcgg\u00e9sei A kutyah\u00e1mok nem akad\u00e1lyozz\u00e1k a kutya v\u00e1llmozg\u00e1s\u00e1t, mert a kutya b\u0151re d\u00f6bbenetes m\u00e9rt\u00e9k\u0171 elforg\u00e1sra k\u00e9pes.&hellip; Details Az Y-h\u00e1mok er\u0151sebben korl\u00e1tozhatj\u00e1k a kuty\u00e1k&hellip;<\/p>\n","protected":false},"author":7,"featured_media":0,"parent":0,"menu_order":0,"comment_status":"closed","ping_status":"closed","template":"","meta":{"_acf_changed":false,"footnotes":""},"class_list":["post-148678","page","type-page","status-publish","hentry","category-223","category-361","description-off"],"acf":[],"_links":{"self":[{"href":"https:\/\/julius-k9.com\/hu\/wp-json\/wp\/v2\/pages\/148678","targetHints":{"allow":["GET"]}}],"collection":[{"href":"https:\/\/julius-k9.com\/hu\/wp-json\/wp\/v2\/pages"}],"about":[{"href":"https:\/\/julius-k9.com\/hu\/wp-json\/wp\/v2\/types\/page"}],"author":[{"embeddable":true,"href":"https:\/\/julius-k9.com\/hu\/wp-json\/wp\/v2\/users\/7"}],"replies":[{"embeddable":true,"href":"https:\/\/julius-k9.com\/hu\/wp-json\/wp\/v2\/comments?post=148678"}],"version-history":[{"count":7,"href":"https:\/\/julius-k9.com\/hu\/wp-json\/wp\/v2\/pages\/148678\/revisions"}],"predecessor-version":[{"id":181102,"href":"https:\/\/julius-k9.com\/hu\/wp-json\/wp\/v2\/pages\/148678\/revisions\/181102"}],"wp:attachment":[{"href":"https:\/\/julius-k9.com\/hu\/wp-json\/wp\/v2\/media?parent=148678"}],"curies":[{"name":"wp","href":"https:\/\/api.w.org\/{rel}","templated":true}]}}