{"id":100144,"date":"2022-02-18T19:03:25","date_gmt":"2022-02-18T19:03:25","guid":{"rendered":"https:\/\/julius-k9.com\/?page_id=100144"},"modified":"2024-12-04T14:52:17","modified_gmt":"2024-12-04T14:52:17","slug":"karrier-2","status":"publish","type":"page","link":"https:\/\/julius-k9.com\/hu\/karrier-2\/","title":{"rendered":"Karrier"},"content":{"rendered":"\n<p class=\"has-text-align-center\"><\/p>\n\n\n\n<p><em>A JULIUS-K9\u00ae 1997 \u00f3ta sikeresen m\u0171k\u00f6d\u0151 eur\u00f3pai v\u00e1llalkoz\u00e1s a kutyasport, munkakutya- \u00e9s hobbikutya-felszerel\u00e9sek, kell\u00e9kek piac\u00e1n. Csal\u00e1di v\u00e1llalkoz\u00e1sk\u00e9nt indult, \u00e9s ma m\u00e1r kilenc telephelyen k\u00f6zel \u00f6tsz\u00e1z embert foglalkoztat. Ez id\u0151 alatt a c\u00e9g piacvezet\u0151 poz\u00edci\u00f3t v\u00edvott ki sz\u00e1mos EU tag\u00e1llamban.<\/em><\/p>\n\n\n\n<div style=\"height:25px\" aria-hidden=\"true\" class=\"wp-block-spacer\"><\/div>\n\n\n\n<h3 class=\"wp-block-heading\" id=\"miert-erdemes-a-julius-k9-nel-dolgozni-folyamatosan-fejlodo-es-terjeszkedo-vallalat-munkajaban-vehetnek-reszt-munkatarsainkvilagszinvonalu-minosegi-kutyafelszereleseket-gyartunk-es-forgalmazunk-mintegy-80-orszagbana-ceg-stabil-es-hosszutavu-jovedelmet-biztosit-munkavallaloinakkellemes-munkahelyi-kornyezetben-dolgozhat-szekhelyeink-egyikena-folyamatos-bovules-ellenere-meg-mindig-csaladias-legkor-fogadja-a-kollegakatberen-kivuli-juttatasokat-biztositunk-a-versenykepes-fizetes-mellett2018-ota-kutyabarat-munkahely-vagyunk2019-ben-superbrands-dijasok-lettunk2019-ben-vallalatunk-elnyerte-a-csaladbarat-munkahely-bronz-fokozatat\">Mi\u00e9rt \u00e9rdemes a JULIUS-K9\u00ae-n\u00e9l dolgozni?<\/h3>\n\n\n\n<ul class=\"wp-block-list\">\n<li>folyamatosan fejl\u0151d\u0151 \u00e9s terjeszked\u0151 v\u00e1llalat munk\u00e1j\u00e1ban vehetnek r\u00e9szt munkat\u00e1rsaink<\/li>\n\n\n\n<li>vil\u00e1gsz\u00ednvonal\u00fa, min\u0151s\u00e9gi kutyafelszerel\u00e9seket gy\u00e1rtunk \u00e9s forgalmazunk mintegy 80 orsz\u00e1gban<\/li>\n\n\n\n<li>a c\u00e9g stabil \u00e9s hossz\u00fat\u00e1v\u00fa j\u00f6vedelmet biztos\u00edt munkav\u00e1llal\u00f3inak<\/li>\n\n\n\n<li>kellemes munkahelyi k\u00f6rnyezetben dolgozhat sz\u00e9khelyeink egyik\u00e9n<\/li>\n\n\n\n<li>a folyamatos b\u0151v\u00fcl\u00e9s ellen\u00e9re m\u00e9g mindig csal\u00e1dias l\u00e9gk\u00f6r fogadja a koll\u00e9g\u00e1kat<\/li>\n\n\n\n<li>b\u00e9ren k\u00edv\u00fcli juttat\u00e1sokat biztos\u00edtunk a versenyk\u00e9pes fizet\u00e9s mellett<\/li>\n\n\n\n<li>2018 \u00f3ta kutyabar\u00e1t munkahely vagyunk<\/li>\n\n\n\n<li>2019-ben Superbrands d\u00edjasok lett\u00fcnk<\/li>\n<\/ul>\n\n\n\n<div style=\"height:25px\" aria-hidden=\"true\" class=\"wp-block-spacer\"><\/div>\n\n\n\n<figure class=\"wp-block-embed is-type-video is-provider-youtube wp-block-embed-youtube wp-embed-aspect-16-9 wp-has-aspect-ratio\"><div class=\"wp-block-embed__wrapper\">\n<iframe title=\"Julius K9 - Magyar Innov\u00e1ci\u00f3 D\u00edj 2018\" width=\"1200\" height=\"675\" src=\"https:\/\/www.youtube.com\/embed\/Wo-daff5kRE?feature=oembed\" frameborder=\"0\" allow=\"accelerometer; autoplay; clipboard-write; encrypted-media; gyroscope; picture-in-picture; web-share\" referrerpolicy=\"strict-origin-when-cross-origin\" allowfullscreen><\/iframe>\n<\/div><\/figure>\n\n\n\n<div style=\"height:31px\" aria-hidden=\"true\" class=\"wp-block-spacer\"><\/div>\n\n\n\n<h3 class=\"wp-block-heading\">Aktu\u00e1lis \u00e1ll\u00e1saj\u00e1nlataink:<\/h3>\n\n\n\n<div style=\"height:30px\" aria-hidden=\"true\" class=\"wp-block-spacer\"><\/div>\n\n\n\n<p><\/p>\n","protected":false},"excerpt":{"rendered":"<p>A JULIUS-K9\u00ae 1997 \u00f3ta sikeresen m\u0171k\u00f6d\u0151 eur\u00f3pai v\u00e1llalkoz\u00e1s a kutyasport, munkakutya- \u00e9s hobbikutya-felszerel\u00e9sek, kell\u00e9kek piac\u00e1n. Csal\u00e1di v\u00e1llalkoz\u00e1sk\u00e9nt indult, \u00e9s ma m\u00e1r kilenc telephelyen k\u00f6zel \u00f6tsz\u00e1z embert foglalkoztat. Ez id\u0151 alatt a c\u00e9g piacvezet\u0151 poz\u00edci\u00f3t v\u00edvott ki sz\u00e1mos EU tag\u00e1llamban. Mi\u00e9rt \u00e9rdemes a JULIUS-K9\u00ae-n\u00e9l dolgozni? Aktu\u00e1lis \u00e1ll\u00e1saj\u00e1nlataink:<\/p>\n","protected":false},"author":4,"featured_media":0,"parent":0,"menu_order":0,"comment_status":"closed","ping_status":"closed","template":"template-blog-list.php","meta":{"_acf_changed":false,"footnotes":""},"class_list":["post-100144","page","type-page","status-publish","hentry","description-off"],"acf":[],"_links":{"self":[{"href":"https:\/\/julius-k9.com\/hu\/wp-json\/wp\/v2\/pages\/100144","targetHints":{"allow":["GET"]}}],"collection":[{"href":"https:\/\/julius-k9.com\/hu\/wp-json\/wp\/v2\/pages"}],"about":[{"href":"https:\/\/julius-k9.com\/hu\/wp-json\/wp\/v2\/types\/page"}],"author":[{"embeddable":true,"href":"https:\/\/julius-k9.com\/hu\/wp-json\/wp\/v2\/users\/4"}],"replies":[{"embeddable":true,"href":"https:\/\/julius-k9.com\/hu\/wp-json\/wp\/v2\/comments?post=100144"}],"version-history":[{"count":4,"href":"https:\/\/julius-k9.com\/hu\/wp-json\/wp\/v2\/pages\/100144\/revisions"}],"predecessor-version":[{"id":195163,"href":"https:\/\/julius-k9.com\/hu\/wp-json\/wp\/v2\/pages\/100144\/revisions\/195163"}],"wp:attachment":[{"href":"https:\/\/julius-k9.com\/hu\/wp-json\/wp\/v2\/media?parent=100144"}],"curies":[{"name":"wp","href":"https:\/\/api.w.org\/{rel}","templated":true}]}}