{"id":97879,"date":"2022-02-07T15:50:04","date_gmt":"2022-02-07T15:50:04","guid":{"rendered":"https:\/\/ujoldal.julius-k9.com\/experten-feedback\/"},"modified":"2024-05-14T07:12:06","modified_gmt":"2024-05-14T07:12:06","slug":"experten-feedback","status":"publish","type":"page","link":"https:\/\/julius-k9.com\/de\/experten-feedback\/","title":{"rendered":"Experten-Feedback"},"content":{"rendered":"\t\t<div data-elementor-type=\"wp-page\" data-elementor-id=\"97879\" class=\"elementor elementor-97879 elementor-177295\" data-elementor-post-type=\"page\">\n\t\t\t\t<div class=\"elementor-element elementor-element-35f6989f e-flex e-con-boxed e-con e-parent\" data-id=\"35f6989f\" data-element_type=\"container\" data-settings=\"{&quot;background_background&quot;:&quot;classic&quot;,&quot;_ob_use_container_extras&quot;:&quot;no&quot;,&quot;_ob_column_hoveranimator&quot;:&quot;no&quot;,&quot;_ob_glider_is_slider&quot;:&quot;no&quot;,&quot;_ob_column_has_pseudo&quot;:&quot;no&quot;}\">\n\t\t\t\t\t<div class=\"e-con-inner\">\n\t\t\t\t<div class=\"elementor-element elementor-element-6b1d3f34 preserve-img-ratio-cover ob-has-background-overlay elementor-widget elementor-widget-the7_elements\" data-id=\"6b1d3f34\" data-element_type=\"widget\" data-settings=\"{&quot;_ob_widget_stalker_use&quot;:&quot;no&quot;,&quot;_ob_poopart_use&quot;:&quot;yes&quot;,&quot;_ob_shadough_use&quot;:&quot;no&quot;,&quot;_ob_allow_hoveranimator&quot;:&quot;no&quot;}\" data-widget_type=\"the7_elements.default\">\n\t\t\t\t<div class=\"elementor-widget-container\">\n\t\t\t\t\t<div class=\"portfolio-shortcode the7-elementor-widget the7_elements-6b1d3f34 mode-grid dt-css-grid-wrap classic-layout-list description-under-image quick-scale-img meta-info-off content-bg-on enable-bg-rollover resize-by-browser-width loading-effect-none jquery-filter\" data-padding=\"20px\" data-mobile-columns-num=\"1\" data-tablet-columns-num=\"2\" data-desktop-columns-num=\"4\" data-wide-desktop-columns-num=\"4\" data-post-limit=\"-1\" data-pagination-mode=\"none\" data-scroll-offset=\"\" aria-live=\"assertive\"><div class=\"dt-css-grid custom-pagination-handler\"><div class=\"visible wf-cell\" data-post-id=\"162040\" data-date=\"2023-03-27T09:00:33+00:00\" data-name=\"Der JK9\u00ae Speed Laufgurt im Einsatz\"><article class=\"post visible post-162040 type-post status-publish format-standard has-post-thumbnail hentry category-expertise-category category-316 description-off\" data-name=\"Der JK9\u00ae Speed Laufgurt im Einsatz\" data-date=\"2023-03-27T09:00:33+00:00\">\n\n\t<div class=\"post-thumbnail-wrap\">\n\t\t<div class=\"post-thumbnail\">\n\n\t\t\t<a class=\"post-thumbnail-rollover layzr-bg img-css-resize-wrapper\" aria-label=\"Post image\" href=\"https:\/\/julius-k9.com\/de\/der-jk9-speed-laufgurt-im-einsatz\/\"><img fetchpriority=\"high\" decoding=\"async\" width=\"1200\" height=\"675\" src=\"data:image\/svg+xml,%3Csvg%20xmlns%3D&#039;http%3A%2F%2Fwww.w3.org%2F2000%2Fsvg&#039;%20viewBox%3D&#039;0%200%201200%20675&#039;%2F%3E\" class=\"attachment-full size-full preload-me aspect lazy lazy-load\" alt=\"\" sizes=\"(max-width: 1200px) 100vw, 1200px\" style=\"--ratio: 1200 \/ 675;\" data-src=\"https:\/\/julius-k9.com\/wp-content\/uploads\/2023\/03\/bevetesen-a-jk9-futoov.jpg\" loading=\"eager\" data-srcset=\"https:\/\/julius-k9.com\/wp-content\/uploads\/2023\/03\/bevetesen-a-jk9-futoov.jpg 1200w, https:\/\/julius-k9.com\/wp-content\/uploads\/2023\/03\/bevetesen-a-jk9-futoov-300x169.jpg 300w, https:\/\/julius-k9.com\/wp-content\/uploads\/2023\/03\/bevetesen-a-jk9-futoov-1024x576.jpg 1024w, https:\/\/julius-k9.com\/wp-content\/uploads\/2023\/03\/bevetesen-a-jk9-futoov-768x432.jpg 768w\" \/><span class=\"the7-hover-icon\"><i aria-hidden=\"true\" class=\"fas fa-plus\"><\/i><\/span><\/a>\n\t\t<\/div>\n\t<\/div>\n\n\n<div class=\"post-entry-content\">\n\n\t<h3 class=\"ele-entry-title\"><a href=\"https:\/\/julius-k9.com\/de\/der-jk9-speed-laufgurt-im-einsatz\/\" rel=\"bookmark\" title=\"Der JK9\u00ae Speed Laufgurt im Einsatz\">Der JK9\u00ae Speed Laufgurt im Einsatz<\/a><\/h3><div class=\"entry-excerpt\"><p>Laufen und Hunde sind seit 30 Jahren meine Leidenschaft, 10 Jahre lang auch bei Wettk\u00e4mpfen.&hellip;<\/p>\n<\/div><a href=\"https:\/\/julius-k9.com\/de\/der-jk9-speed-laufgurt-im-einsatz\/\" target=\"\" aria-label=\"Read more about Der JK9\u00ae Speed Laufgurt im Einsatz\" class=\"box-button elementor-button elementor-size-xs\">Details<\/a>\n<\/div><\/article><\/div><div class=\"visible wf-cell\" data-post-id=\"156415\" data-date=\"2023-02-13T08:12:04+00:00\" data-name=\"Longwalk Fachbericht\"><article class=\"post visible post-156415 type-post status-publish format-standard has-post-thumbnail hentry category-expertise-category category-316 description-off\" data-name=\"Longwalk Fachbericht\" data-date=\"2023-02-13T08:12:04+00:00\">\n\n\t<div class=\"post-thumbnail-wrap\">\n\t\t<div class=\"post-thumbnail\">\n\n\t\t\t<a class=\"post-thumbnail-rollover layzr-bg img-css-resize-wrapper\" aria-label=\"Post image\" href=\"https:\/\/julius-k9.com\/de\/longwalk-fachbericht\/\"><img decoding=\"async\" width=\"640\" height=\"480\" src=\"data:image\/svg+xml,%3Csvg%20xmlns%3D&#039;http%3A%2F%2Fwww.w3.org%2F2000%2Fsvg&#039;%20viewBox%3D&#039;0%200%20640%20480&#039;%2F%3E\" class=\"attachment-full size-full preload-me aspect lazy lazy-load\" alt=\"\" sizes=\"(max-width: 640px) 100vw, 640px\" style=\"--ratio: 640 \/ 480;\" data-src=\"https:\/\/julius-k9.com\/wp-content\/uploads\/2023\/02\/christine3.jpg\" loading=\"eager\" data-srcset=\"https:\/\/julius-k9.com\/wp-content\/uploads\/2023\/02\/christine3.jpg 640w, https:\/\/julius-k9.com\/wp-content\/uploads\/2023\/02\/christine3-300x225.jpg 300w\" \/><span class=\"the7-hover-icon\"><i aria-hidden=\"true\" class=\"fas fa-plus\"><\/i><\/span><\/a>\n\t\t<\/div>\n\t<\/div>\n\n\n<div class=\"post-entry-content\">\n\n\t<h3 class=\"ele-entry-title\"><a href=\"https:\/\/julius-k9.com\/de\/longwalk-fachbericht\/\" rel=\"bookmark\" title=\"Longwalk Fachbericht\">Longwalk Fachbericht<\/a><\/h3><div class=\"entry-excerpt\"><p>Das Julius-K9 Longwalk ist bei uns einfach ein wichtiger allt\u00e4glicher Begleiter der unsere gemeinsamen Aktivit\u00e4ten&hellip;<\/p>\n<\/div><a href=\"https:\/\/julius-k9.com\/de\/longwalk-fachbericht\/\" target=\"\" aria-label=\"Read more about Longwalk Fachbericht\" class=\"box-button elementor-button elementor-size-xs\">Details<\/a>\n<\/div><\/article><\/div><div class=\"visible wf-cell\" data-post-id=\"104938\" data-date=\"2022-05-25T06:25:39+00:00\" data-name=\"IDC\u00aeLongwalk \u2013 Das Hundegeschirr, welches die Mensch-Hund-Beziehung unterst\u00fctzt\"><article class=\"post visible post-104938 type-post status-publish format-standard has-post-thumbnail hentry category-expertise-category category-316 description-off\" data-name=\"IDC\u00aeLongwalk \u2013 Das Hundegeschirr, welches die Mensch-Hund-Beziehung unterst\u00fctzt\" data-date=\"2022-05-25T06:25:39+00:00\">\n\n\t<div class=\"post-thumbnail-wrap\">\n\t\t<div class=\"post-thumbnail\">\n\n\t\t\t<a class=\"post-thumbnail-rollover layzr-bg img-css-resize-wrapper\" aria-label=\"Post image\" href=\"https:\/\/julius-k9.com\/de\/idclongwalk-das-hundegeschirr-welches-die-mensch-hund-beziehung-unterstuetzt\/\"><img decoding=\"async\" width=\"940\" height=\"672\" src=\"data:image\/svg+xml,%3Csvg%20xmlns%3D&#039;http%3A%2F%2Fwww.w3.org%2F2000%2Fsvg&#039;%20viewBox%3D&#039;0%200%20940%20672&#039;%2F%3E\" class=\"attachment-full size-full preload-me aspect lazy lazy-load\" alt=\"\" sizes=\"(max-width: 940px) 100vw, 940px\" style=\"--ratio: 940 \/ 672;\" data-src=\"https:\/\/julius-k9.com\/wp-content\/uploads\/2021\/03\/gyj2-16.jpg\" loading=\"eager\" data-srcset=\"https:\/\/julius-k9.com\/wp-content\/uploads\/2021\/03\/gyj2-16.jpg 940w, https:\/\/julius-k9.com\/wp-content\/uploads\/2021\/03\/gyj2-16-300x214.jpg 300w, https:\/\/julius-k9.com\/wp-content\/uploads\/2021\/03\/gyj2-16-768x549.jpg 768w\" \/><span class=\"the7-hover-icon\"><i aria-hidden=\"true\" class=\"fas fa-plus\"><\/i><\/span><\/a>\n\t\t<\/div>\n\t<\/div>\n\n\n<div class=\"post-entry-content\">\n\n\t<h3 class=\"ele-entry-title\"><a href=\"https:\/\/julius-k9.com\/de\/idclongwalk-das-hundegeschirr-welches-die-mensch-hund-beziehung-unterstuetzt\/\" rel=\"bookmark\" title=\"IDC\u00aeLongwalk \u2013 Das Hundegeschirr, welches die Mensch-Hund-Beziehung unterst\u00fctzt\">IDC\u00aeLongwalk \u2013 Das Hundegeschirr, welches die Mensch-Hund-Beziehung unterst\u00fctzt<\/a><\/h3><div class=\"entry-excerpt\"><p>In 2020, we tested a true novelty! We distributed over 700 IDC\u00aeLongwalk dog harnesses to&hellip;<\/p>\n<\/div><a href=\"https:\/\/julius-k9.com\/de\/idclongwalk-das-hundegeschirr-welches-die-mensch-hund-beziehung-unterstuetzt\/\" target=\"\" aria-label=\"Read more about IDC\u00aeLongwalk \u2013 Das Hundegeschirr, welches die Mensch-Hund-Beziehung unterst\u00fctzt\" class=\"box-button elementor-button elementor-size-xs\">Details<\/a>\n<\/div><\/article><\/div><div class=\"visible wf-cell\" data-post-id=\"75917\" data-date=\"2020-06-24T12:56:23+00:00\" data-name=\"Tierschutz Pr\u00fcfung \/ Julius-K9\u00ae Powergeschirr\u00ae\"><article class=\"post visible post-75917 type-post status-publish format-standard has-post-thumbnail hentry category-julius-k9-nachrichten category-expertise-category category-88 category-316 description-off\" data-name=\"Tierschutz Pr\u00fcfung \/ Julius-K9\u00ae Powergeschirr\u00ae\" data-date=\"2020-06-24T12:56:23+00:00\">\n\n\t<div class=\"post-thumbnail-wrap\">\n\t\t<div class=\"post-thumbnail\">\n\n\t\t\t<a class=\"post-thumbnail-rollover layzr-bg img-css-resize-wrapper\" aria-label=\"Post image\" href=\"https:\/\/julius-k9.com\/de\/tierschutz-pruefung-julius-k9-powergeschirr\/\"><img decoding=\"async\" width=\"940\" height=\"627\" src=\"data:image\/svg+xml,%3Csvg%20xmlns%3D&#039;http%3A%2F%2Fwww.w3.org%2F2000%2Fsvg&#039;%20viewBox%3D&#039;0%200%20940%20627&#039;%2F%3E\" class=\"attachment-full size-full preload-me aspect lazy lazy-load\" alt=\"\" sizes=\"(max-width: 940px) 100vw, 940px\" style=\"--ratio: 940 \/ 627;\" data-src=\"https:\/\/julius-k9.com\/wp-content\/uploads\/2020\/06\/tierschutz-pruefung-2.jpg\" loading=\"eager\" data-srcset=\"https:\/\/julius-k9.com\/wp-content\/uploads\/2020\/06\/tierschutz-pruefung-2.jpg 940w, https:\/\/julius-k9.com\/wp-content\/uploads\/2020\/06\/tierschutz-pruefung-2-300x200.jpg 300w, https:\/\/julius-k9.com\/wp-content\/uploads\/2020\/06\/tierschutz-pruefung-2-768x512.jpg 768w\" \/><span class=\"the7-hover-icon\"><i aria-hidden=\"true\" class=\"fas fa-plus\"><\/i><\/span><\/a>\n\t\t<\/div>\n\t<\/div>\n\n\n<div class=\"post-entry-content\">\n\n\t<h3 class=\"ele-entry-title\"><a href=\"https:\/\/julius-k9.com\/de\/tierschutz-pruefung-julius-k9-powergeschirr\/\" rel=\"bookmark\" title=\"Tierschutz Pr\u00fcfung \/ Julius-K9\u00ae Powergeschirr\u00ae\">Tierschutz Pr\u00fcfung \/ Julius-K9\u00ae Powergeschirr\u00ae<\/a><\/h3><div class=\"entry-excerpt\"><p>Bei bestimmungsgem\u00e4\u00dfer Verwendung unter Einhaltung nachfolgender Verwendungsbedingungen entsprechen die Produkte \u2013 K9 Powergeschirr\u00ae, IDC\u00ae Powergeschirr\u00ae,&hellip;<\/p>\n<\/div><a href=\"https:\/\/julius-k9.com\/de\/tierschutz-pruefung-julius-k9-powergeschirr\/\" target=\"\" aria-label=\"Read more about Tierschutz Pr\u00fcfung \/ Julius-K9\u00ae Powergeschirr\u00ae\" class=\"box-button elementor-button elementor-size-xs\">Details<\/a>\n<\/div><\/article><\/div><\/div><!-- iso-container|iso-grid --><\/div>\t\t\t\t<\/div>\n\t\t\t\t<\/div>\n\t\t\t\t\t<\/div>\n\t\t\t\t<\/div>\n\t\t\t\t<\/div>\n\t\t","protected":false},"excerpt":{"rendered":"<p>Der JK9\u00ae Speed Laufgurt im Einsatz Laufen und Hunde sind seit 30 Jahren meine Leidenschaft, 10 Jahre lang auch bei Wettk\u00e4mpfen.&hellip; Details Longwalk Fachbericht Das Julius-K9 Longwalk ist bei uns einfach ein wichtiger allt\u00e4glicher Begleiter der unsere gemeinsamen Aktivit\u00e4ten&hellip; Details IDC\u00aeLongwalk \u2013 Das Hundegeschirr, welches die Mensch-Hund-Beziehung unterst\u00fctzt In 2020, we tested a true novelty!&hellip;<\/p>\n","protected":false},"author":7,"featured_media":0,"parent":0,"menu_order":0,"comment_status":"closed","ping_status":"closed","template":"","meta":{"_acf_changed":false,"footnotes":""},"class_list":["post-97879","page","type-page","status-publish","hentry","category-88","category-316","description-off"],"acf":[],"_links":{"self":[{"href":"https:\/\/julius-k9.com\/de\/wp-json\/wp\/v2\/pages\/97879","targetHints":{"allow":["GET"]}}],"collection":[{"href":"https:\/\/julius-k9.com\/de\/wp-json\/wp\/v2\/pages"}],"about":[{"href":"https:\/\/julius-k9.com\/de\/wp-json\/wp\/v2\/types\/page"}],"author":[{"embeddable":true,"href":"https:\/\/julius-k9.com\/de\/wp-json\/wp\/v2\/users\/7"}],"replies":[{"embeddable":true,"href":"https:\/\/julius-k9.com\/de\/wp-json\/wp\/v2\/comments?post=97879"}],"version-history":[{"count":11,"href":"https:\/\/julius-k9.com\/de\/wp-json\/wp\/v2\/pages\/97879\/revisions"}],"predecessor-version":[{"id":181624,"href":"https:\/\/julius-k9.com\/de\/wp-json\/wp\/v2\/pages\/97879\/revisions\/181624"}],"wp:attachment":[{"href":"https:\/\/julius-k9.com\/de\/wp-json\/wp\/v2\/media?parent=97879"}],"curies":[{"name":"wp","href":"https:\/\/api.w.org\/{rel}","templated":true}]}}