{"id":149206,"date":"2022-10-27T07:34:50","date_gmt":"2022-10-27T07:34:50","guid":{"rendered":"https:\/\/julius-k9.com\/?page_id=149206"},"modified":"2024-05-16T11:41:52","modified_gmt":"2024-05-16T11:41:52","slug":"forschungsergebnisse","status":"publish","type":"page","link":"https:\/\/julius-k9.com\/de\/forschungsergebnisse\/","title":{"rendered":"Forschungsergebnisse"},"content":{"rendered":"\t\t<div data-elementor-type=\"wp-page\" data-elementor-id=\"149206\" class=\"elementor elementor-149206 elementor-176992\" data-elementor-post-type=\"page\">\n\t\t\t\t<div class=\"elementor-element elementor-element-335b5fc e-flex e-con-boxed e-con e-parent\" data-id=\"335b5fc\" data-element_type=\"container\" data-settings=\"{&quot;background_background&quot;:&quot;classic&quot;,&quot;_ob_use_container_extras&quot;:&quot;no&quot;,&quot;_ob_column_hoveranimator&quot;:&quot;no&quot;,&quot;_ob_glider_is_slider&quot;:&quot;no&quot;,&quot;_ob_column_has_pseudo&quot;:&quot;no&quot;}\">\n\t\t\t\t\t<div class=\"e-con-inner\">\n\t\t\t\t<div class=\"elementor-element elementor-element-76bfb2f preserve-img-ratio-cover ob-has-background-overlay elementor-widget elementor-widget-the7_elements\" data-id=\"76bfb2f\" data-element_type=\"widget\" data-settings=\"{&quot;_ob_widget_stalker_use&quot;:&quot;no&quot;,&quot;_ob_poopart_use&quot;:&quot;yes&quot;,&quot;_ob_shadough_use&quot;:&quot;no&quot;,&quot;_ob_allow_hoveranimator&quot;:&quot;no&quot;}\" data-widget_type=\"the7_elements.default\">\n\t\t\t\t<div class=\"elementor-widget-container\">\n\t\t\t\t\t<div class=\"portfolio-shortcode the7-elementor-widget the7_elements-76bfb2f mode-grid dt-css-grid-wrap classic-layout-list description-under-image quick-scale-img meta-info-off content-bg-on enable-bg-rollover resize-by-browser-width loading-effect-none jquery-filter\" data-padding=\"20px\" data-mobile-columns-num=\"1\" data-tablet-columns-num=\"2\" data-desktop-columns-num=\"4\" data-wide-desktop-columns-num=\"4\" data-post-limit=\"-1\" data-pagination-mode=\"none\" data-scroll-offset=\"\" aria-live=\"assertive\"><div class=\"dt-css-grid custom-pagination-handler\"><div class=\"visible wf-cell\" data-post-id=\"176701\" data-date=\"2024-03-23T12:49:28+00:00\" data-name=\"Das Hundegeschirr f\u00fcr den Alltag - frei atmen, frei bewegen\"><article class=\"post visible post-176701 type-post status-publish format-standard has-post-thumbnail hentry category-blog-de category-forschungscategorie category-91 category-373 description-off\" data-name=\"Das Hundegeschirr f\u00fcr den Alltag &#8211; frei atmen, frei bewegen\" data-date=\"2024-03-23T12:49:28+00:00\">\n\n\t<div class=\"post-thumbnail-wrap\">\n\t\t<div class=\"post-thumbnail\">\n\n\t\t\t<a class=\"post-thumbnail-rollover layzr-bg img-css-resize-wrapper\" aria-label=\"Post image\" href=\"https:\/\/julius-k9.com\/de\/das-hundegeschirr-fuer-den-alltag-frei-atmen-frei-bewegen\/\"><img fetchpriority=\"high\" decoding=\"async\" width=\"586\" height=\"551\" src=\"data:image\/svg+xml,%3Csvg%20xmlns%3D&#039;http%3A%2F%2Fwww.w3.org%2F2000%2Fsvg&#039;%20viewBox%3D&#039;0%200%20586%20551&#039;%2F%3E\" class=\"attachment-full size-full preload-me aspect lazy lazy-load\" alt=\"\" sizes=\"(max-width: 586px) 100vw, 586px\" style=\"--ratio: 586 \/ 551;\" data-src=\"https:\/\/julius-k9.com\/wp-content\/uploads\/2024\/03\/power.jpg\" loading=\"eager\" data-srcset=\"https:\/\/julius-k9.com\/wp-content\/uploads\/2024\/03\/power.jpg 586w, https:\/\/julius-k9.com\/wp-content\/uploads\/2024\/03\/power-300x282.jpg 300w\" \/><span class=\"the7-hover-icon\"><i aria-hidden=\"true\" class=\"fas fa-plus\"><\/i><\/span><\/a>\n\t\t<\/div>\n\t<\/div>\n\n\n<div class=\"post-entry-content\">\n\n\t<h3 class=\"ele-entry-title\"><a href=\"https:\/\/julius-k9.com\/de\/das-hundegeschirr-fuer-den-alltag-frei-atmen-frei-bewegen\/\" rel=\"bookmark\" title=\"Das Hundegeschirr f\u00fcr den Alltag &#8211; frei atmen, frei bewegen\">Das Hundegeschirr f\u00fcr den Alltag &#8211; frei atmen, frei bewegen<\/a><\/h3><div class=\"entry-excerpt\"><p>Das Gr\u00f6\u00dfenangebot unserer Hundegeschirre wird seit Jahrzehnten nach Bewegungsanalysen entwickelt. Wichtigstes Ziel bei Alltagshundegeschirren ist,&hellip;<\/p>\n<\/div><a href=\"https:\/\/julius-k9.com\/de\/das-hundegeschirr-fuer-den-alltag-frei-atmen-frei-bewegen\/\" target=\"\" aria-label=\"Read more about Das Hundegeschirr f\u00fcr den Alltag &#8211; frei atmen, frei bewegen\" class=\"box-button elementor-button elementor-size-xs\">Weiterlesen<\/a>\n<\/div><\/article><\/div><div class=\"visible wf-cell\" data-post-id=\"174271\" data-date=\"2023-12-01T17:20:12+00:00\" data-name=\"The Influence of Harness Design on Forelimb Biomechanics in Pet Dogs\"><article class=\"post visible post-174271 type-post status-publish format-standard has-post-thumbnail hentry category-forschungscategorie category-373 description-off\" data-name=\"The Influence of Harness Design on Forelimb Biomechanics in Pet Dogs\" data-date=\"2023-12-01T17:20:12+00:00\">\n\n\t<div class=\"post-thumbnail-wrap\">\n\t\t<div class=\"post-thumbnail\">\n\n\t\t\t<a class=\"post-thumbnail-rollover layzr-bg img-css-resize-wrapper\" aria-label=\"Post image\" href=\"https:\/\/julius-k9.com\/de\/the-influence-of-harness-design-on-forelimb-biomechanics-in-pet-dogs\/\"><img decoding=\"async\" width=\"531\" height=\"410\" src=\"data:image\/svg+xml,%3Csvg%20xmlns%3D&#039;http%3A%2F%2Fwww.w3.org%2F2000%2Fsvg&#039;%20viewBox%3D&#039;0%200%20531%20410&#039;%2F%3E\" class=\"attachment-full size-full preload-me aspect lazy lazy-load\" alt=\"\" sizes=\"(max-width: 531px) 100vw, 531px\" style=\"--ratio: 531 \/ 410;\" data-src=\"https:\/\/julius-k9.com\/wp-content\/uploads\/2023\/12\/pic.png\" loading=\"eager\" data-srcset=\"https:\/\/julius-k9.com\/wp-content\/uploads\/2023\/12\/pic.png 531w, https:\/\/julius-k9.com\/wp-content\/uploads\/2023\/12\/pic-300x232.png 300w\" \/><span class=\"the7-hover-icon\"><i aria-hidden=\"true\" class=\"fas fa-plus\"><\/i><\/span><\/a>\n\t\t<\/div>\n\t<\/div>\n\n\n<div class=\"post-entry-content\">\n\n\t<h3 class=\"ele-entry-title\"><a href=\"https:\/\/julius-k9.com\/de\/the-influence-of-harness-design-on-forelimb-biomechanics-in-pet-dogs\/\" rel=\"bookmark\" title=\"The Influence of Harness Design on Forelimb Biomechanics in Pet Dogs\">The Influence of Harness Design on Forelimb Biomechanics in Pet Dogs<\/a><\/h3><div class=\"entry-excerpt\"><p>This study aimed to explore the impact of six different harness types oncanine biomechanics compared&hellip;<\/p>\n<\/div><a href=\"https:\/\/julius-k9.com\/de\/the-influence-of-harness-design-on-forelimb-biomechanics-in-pet-dogs\/\" target=\"\" aria-label=\"Read more about The Influence of Harness Design on Forelimb Biomechanics in Pet Dogs\" class=\"box-button elementor-button elementor-size-xs\">Weiterlesen<\/a>\n<\/div><\/article><\/div><div class=\"visible wf-cell\" data-post-id=\"174274\" data-date=\"2023-07-14T06:42:06+00:00\" data-name=\"IDC\u00ae Powerharness Green Zone Test\"><article class=\"post visible post-174274 type-post status-publish format-standard has-post-thumbnail hentry category-forschungscategorie\" data-name=\"IDC\u00ae Powerharness Green Zone Test\" data-date=\"2023-07-14T06:42:06+00:00\">\n\n\t<div class=\"post-thumbnail-wrap\">\n\t\t<div class=\"post-thumbnail\">\n\n\t\t\t<a class=\"post-thumbnail-rollover layzr-bg img-css-resize-wrapper\" aria-label=\"Post image\" href=\"https:\/\/julius-k9.com\/de\/idc-powerharness-green-zone-test\/\"><img decoding=\"async\" width=\"635\" height=\"660\" src=\"data:image\/svg+xml,%3Csvg%20xmlns%3D&#039;http%3A%2F%2Fwww.w3.org%2F2000%2Fsvg&#039;%20viewBox%3D&#039;0%200%20635%20660&#039;%2F%3E\" class=\"attachment-full size-full preload-me aspect lazy lazy-load\" alt=\"\" sizes=\"(max-width: 635px) 100vw, 635px\" style=\"--ratio: 635 \/ 660;\" data-src=\"https:\/\/julius-k9.com\/wp-content\/uploads\/2021\/10\/fibo_green_power.png\" loading=\"eager\" data-srcset=\"https:\/\/julius-k9.com\/wp-content\/uploads\/2021\/10\/fibo_green_power.png 635w, https:\/\/julius-k9.com\/wp-content\/uploads\/2021\/10\/fibo_green_power-289x300.png 289w\" \/><span class=\"the7-hover-icon\"><i aria-hidden=\"true\" class=\"fas fa-plus\"><\/i><\/span><\/a>\n\t\t<\/div>\n\t<\/div>\n\n\n<div class=\"post-entry-content\">\n\n\t<h3 class=\"ele-entry-title\"><a href=\"https:\/\/julius-k9.com\/de\/idc-powerharness-green-zone-test\/\" rel=\"bookmark\" title=\"IDC\u00ae Powerharness Green Zone Test\">IDC\u00ae Powerharness Green Zone Test<\/a><\/h3><div class=\"entry-excerpt\"><p>Green Zone design principle: free movement, free breathing.<\/p>\n<\/div><a href=\"https:\/\/julius-k9.com\/de\/idc-powerharness-green-zone-test\/\" target=\"\" aria-label=\"Read more about IDC\u00ae Powerharness Green Zone Test\" class=\"box-button elementor-button elementor-size-xs\">Weiterlesen<\/a>\n<\/div><\/article><\/div><div class=\"visible wf-cell\" data-post-id=\"148195\" data-date=\"2022-10-09T05:29:44+00:00\" data-name=\"Y-Hundegeschirre k\u00f6nnen die Schulterbewegung des Hundes st\u00e4rker einschr\u00e4nken\"><article class=\"post visible post-148195 type-post status-publish format-standard has-post-thumbnail hentry category-forschungscategorie\" data-name=\"Y-Hundegeschirre k\u00f6nnen die Schulterbewegung des Hundes st\u00e4rker einschr\u00e4nken\" data-date=\"2022-10-09T05:29:44+00:00\">\n\n\t<div class=\"post-thumbnail-wrap\">\n\t\t<div class=\"post-thumbnail\">\n\n\t\t\t<a class=\"post-thumbnail-rollover layzr-bg img-css-resize-wrapper\" aria-label=\"Post image\" href=\"https:\/\/julius-k9.com\/de\/brustgeschirre-viel-besser-als-erwartet-forschungsteam-von-testergebnissen-ueberrascht\/\"><img decoding=\"async\" width=\"940\" height=\"353\" src=\"data:image\/svg+xml,%3Csvg%20xmlns%3D&#039;http%3A%2F%2Fwww.w3.org%2F2000%2Fsvg&#039;%20viewBox%3D&#039;0%200%20940%20353&#039;%2F%3E\" class=\"attachment-full size-full preload-me aspect lazy lazy-load\" alt=\"\" sizes=\"(max-width: 940px) 100vw, 940px\" style=\"--ratio: 940 \/ 353;\" data-src=\"https:\/\/julius-k9.com\/wp-content\/uploads\/2020\/08\/Jena-Study.jpg\" loading=\"eager\" data-srcset=\"https:\/\/julius-k9.com\/wp-content\/uploads\/2020\/08\/Jena-Study.jpg 940w, https:\/\/julius-k9.com\/wp-content\/uploads\/2020\/08\/Jena-Study-300x113.jpg 300w, https:\/\/julius-k9.com\/wp-content\/uploads\/2020\/08\/Jena-Study-768x288.jpg 768w\" \/><span class=\"the7-hover-icon\"><i aria-hidden=\"true\" class=\"fas fa-plus\"><\/i><\/span><\/a>\n\t\t<\/div>\n\t<\/div>\n\n\n<div class=\"post-entry-content\">\n\n\t<h3 class=\"ele-entry-title\"><a href=\"https:\/\/julius-k9.com\/de\/brustgeschirre-viel-besser-als-erwartet-forschungsteam-von-testergebnissen-ueberrascht\/\" rel=\"bookmark\" title=\"Y-Hundegeschirre k\u00f6nnen die Schulterbewegung des Hundes st\u00e4rker einschr\u00e4nken\">Y-Hundegeschirre k\u00f6nnen die Schulterbewegung des Hundes st\u00e4rker einschr\u00e4nken<\/a><\/h3><div class=\"entry-excerpt\"><p>Die Auswirkungen einzelner Arten von Hundegeschirren auf die Bewegung des Hundes wurden in einer Studie&hellip;<\/p>\n<\/div><a href=\"https:\/\/julius-k9.com\/de\/brustgeschirre-viel-besser-als-erwartet-forschungsteam-von-testergebnissen-ueberrascht\/\" target=\"\" aria-label=\"Read more about Y-Hundegeschirre k\u00f6nnen die Schulterbewegung des Hundes st\u00e4rker einschr\u00e4nken\" class=\"box-button elementor-button elementor-size-xs\">Weiterlesen<\/a>\n<\/div><\/article><\/div><div class=\"visible wf-cell\" data-post-id=\"76715\" data-date=\"2020-07-30T07:31:01+00:00\" data-name=\"Zusammenfassung der \u201eJenaer Studie\u201c\"><article class=\"post visible post-76715 type-post status-publish format-standard has-post-thumbnail hentry category-forschungscategorie\" data-name=\"Zusammenfassung der \u201eJenaer Studie\u201c\" data-date=\"2020-07-30T07:31:01+00:00\">\n\n\t<div class=\"post-thumbnail-wrap\">\n\t\t<div class=\"post-thumbnail\">\n\n\t\t\t<a class=\"post-thumbnail-rollover layzr-bg img-css-resize-wrapper\" aria-label=\"Post image\" href=\"https:\/\/julius-k9.com\/de\/zusammenfassung-der-jenaer-studie\/\"><img decoding=\"async\" width=\"940\" height=\"732\" src=\"data:image\/svg+xml,%3Csvg%20xmlns%3D&#039;http%3A%2F%2Fwww.w3.org%2F2000%2Fsvg&#039;%20viewBox%3D&#039;0%200%20940%20732&#039;%2F%3E\" class=\"attachment-full size-full preload-me aspect lazy lazy-load\" alt=\"\" sizes=\"(max-width: 940px) 100vw, 940px\" style=\"--ratio: 940 \/ 732;\" data-src=\"https:\/\/julius-k9.com\/wp-content\/uploads\/2020\/08\/Jena-Study2-1.jpg\" loading=\"eager\" data-srcset=\"https:\/\/julius-k9.com\/wp-content\/uploads\/2020\/08\/Jena-Study2-1.jpg 940w, https:\/\/julius-k9.com\/wp-content\/uploads\/2020\/08\/Jena-Study2-1-300x234.jpg 300w, https:\/\/julius-k9.com\/wp-content\/uploads\/2020\/08\/Jena-Study2-1-768x598.jpg 768w\" \/><span class=\"the7-hover-icon\"><i aria-hidden=\"true\" class=\"fas fa-plus\"><\/i><\/span><\/a>\n\t\t<\/div>\n\t<\/div>\n\n\n<div class=\"post-entry-content\">\n\n\t<h3 class=\"ele-entry-title\"><a href=\"https:\/\/julius-k9.com\/de\/zusammenfassung-der-jenaer-studie\/\" rel=\"bookmark\" title=\"Zusammenfassung der \u201eJenaer Studie\u201c\">Zusammenfassung der \u201eJenaer Studie\u201c<\/a><\/h3><div class=\"entry-excerpt\"><p>Prof. Dr. Martin S. Fischer, Professor f\u00fcr Spezielle Zoologie und Evolutionsbiologie an der Universit\u00e4t Jena&hellip;<\/p>\n<\/div><a href=\"https:\/\/julius-k9.com\/de\/zusammenfassung-der-jenaer-studie\/\" target=\"\" aria-label=\"Read more about Zusammenfassung der \u201eJenaer Studie\u201c\" class=\"box-button elementor-button elementor-size-xs\">Weiterlesen<\/a>\n<\/div><\/article><\/div><div class=\"visible wf-cell\" data-post-id=\"76485\" data-date=\"2020-07-09T11:40:10+00:00\" data-name=\"Gibt es &quot;gesundheitssch\u00e4dliche&quot; Hundegeschirre?\"><article class=\"post visible post-76485 type-post status-publish format-standard has-post-thumbnail hentry category-julius-k9-nachrichten category-forschungscategorie\" data-name=\"Gibt es &#8222;gesundheitssch\u00e4dliche&#8220; Hundegeschirre?\" data-date=\"2020-07-09T11:40:10+00:00\">\n\n\t<div class=\"post-thumbnail-wrap\">\n\t\t<div class=\"post-thumbnail\">\n\n\t\t\t<a class=\"post-thumbnail-rollover layzr-bg img-css-resize-wrapper\" aria-label=\"Post image\" href=\"https:\/\/julius-k9.com\/de\/gibt-es-gesundheitsschadliche-hundegeschirre\/\"><img decoding=\"async\" width=\"940\" height=\"627\" src=\"data:image\/svg+xml,%3Csvg%20xmlns%3D&#039;http%3A%2F%2Fwww.w3.org%2F2000%2Fsvg&#039;%20viewBox%3D&#039;0%200%20940%20627&#039;%2F%3E\" class=\"attachment-full size-full preload-me aspect lazy lazy-load\" alt=\"\" sizes=\"(max-width: 940px) 100vw, 940px\" style=\"--ratio: 940 \/ 627;\" data-src=\"https:\/\/julius-k9.com\/wp-content\/uploads\/2020\/06\/idc-powerharness-2.jpg\" loading=\"eager\" data-srcset=\"https:\/\/julius-k9.com\/wp-content\/uploads\/2020\/06\/idc-powerharness-2.jpg 940w, https:\/\/julius-k9.com\/wp-content\/uploads\/2020\/06\/idc-powerharness-2-300x200.jpg 300w, https:\/\/julius-k9.com\/wp-content\/uploads\/2020\/06\/idc-powerharness-2-768x512.jpg 768w\" \/><span class=\"the7-hover-icon\"><i aria-hidden=\"true\" class=\"fas fa-plus\"><\/i><\/span><\/a>\n\t\t<\/div>\n\t<\/div>\n\n\n<div class=\"post-entry-content\">\n\n\t<h3 class=\"ele-entry-title\"><a href=\"https:\/\/julius-k9.com\/de\/gibt-es-gesundheitsschadliche-hundegeschirre\/\" rel=\"bookmark\" title=\"Gibt es &#8222;gesundheitssch\u00e4dliche&#8220; Hundegeschirre?\">Gibt es &#8222;gesundheitssch\u00e4dliche&#8220; Hundegeschirre?<\/a><\/h3><div class=\"entry-excerpt\"><p>JULIUS-K9\u00ae ist seit mehr als 20 Jahren in der Entwicklung von Hundegeschirren und auch im&hellip;<\/p>\n<\/div><a href=\"https:\/\/julius-k9.com\/de\/gibt-es-gesundheitsschadliche-hundegeschirre\/\" target=\"\" aria-label=\"Read more about Gibt es &#8222;gesundheitssch\u00e4dliche&#8220; Hundegeschirre?\" class=\"box-button elementor-button elementor-size-xs\">Weiterlesen<\/a>\n<\/div><\/article><\/div><div class=\"visible wf-cell\" data-post-id=\"74638\" data-date=\"2020-04-23T07:43:19+00:00\" data-name=\"Hochschulforschung hinter den Hundegeschirren\"><article class=\"post visible post-74638 type-post status-publish format-standard has-post-thumbnail hentry category-julius-k9-nachrichten category-forschungscategorie\" data-name=\"Hochschulforschung hinter den Hundegeschirren\" data-date=\"2020-04-23T07:43:19+00:00\">\n\n\t<div class=\"post-thumbnail-wrap\">\n\t\t<div class=\"post-thumbnail\">\n\n\t\t\t<a class=\"post-thumbnail-rollover layzr-bg img-css-resize-wrapper\" aria-label=\"Post image\" href=\"https:\/\/julius-k9.com\/de\/hochschulforschung-hinter-den-hundegeschirren\/\"><img decoding=\"async\" width=\"940\" height=\"627\" src=\"data:image\/svg+xml,%3Csvg%20xmlns%3D&#039;http%3A%2F%2Fwww.w3.org%2F2000%2Fsvg&#039;%20viewBox%3D&#039;0%200%20940%20627&#039;%2F%3E\" class=\"attachment-full size-full preload-me aspect lazy lazy-load\" alt=\"\" sizes=\"(max-width: 940px) 100vw, 940px\" style=\"--ratio: 940 \/ 627;\" data-src=\"https:\/\/julius-k9.com\/wp-content\/uploads\/2020\/03\/studie9-2.jpg\" loading=\"eager\" data-srcset=\"https:\/\/julius-k9.com\/wp-content\/uploads\/2020\/03\/studie9-2.jpg 940w, https:\/\/julius-k9.com\/wp-content\/uploads\/2020\/03\/studie9-2-300x200.jpg 300w, https:\/\/julius-k9.com\/wp-content\/uploads\/2020\/03\/studie9-2-768x512.jpg 768w\" \/><span class=\"the7-hover-icon\"><i aria-hidden=\"true\" class=\"fas fa-plus\"><\/i><\/span><\/a>\n\t\t<\/div>\n\t<\/div>\n\n\n<div class=\"post-entry-content\">\n\n\t<h3 class=\"ele-entry-title\"><a href=\"https:\/\/julius-k9.com\/de\/hochschulforschung-hinter-den-hundegeschirren\/\" rel=\"bookmark\" title=\"Hochschulforschung hinter den Hundegeschirren\">Hochschulforschung hinter den Hundegeschirren<\/a><\/h3><div class=\"entry-excerpt\"><p>Die Universit\u00e4t Budapest testete Julius-K9-Brustgeschirre an Hunden in Bewegung, mithilfe eines speziellen Motion-Capture-Systems mit 18&hellip;<\/p>\n<\/div><a href=\"https:\/\/julius-k9.com\/de\/hochschulforschung-hinter-den-hundegeschirren\/\" target=\"\" aria-label=\"Read more about Hochschulforschung hinter den Hundegeschirren\" class=\"box-button elementor-button elementor-size-xs\">Weiterlesen<\/a>\n<\/div><\/article><\/div><div class=\"visible wf-cell\" data-post-id=\"57887\" data-date=\"2018-09-13T09:01:41+00:00\" data-name=\"Bewegungsstudie bez\u00fcglich der JULIUS-K9\u00ae IDC\u00ae Powergeschirre\"><article class=\"post visible post-57887 type-post status-publish format-standard has-post-thumbnail hentry category-forschungscategorie category-julius-k9-nachrichten\" data-name=\"Bewegungsstudie bez\u00fcglich der JULIUS-K9\u00ae IDC\u00ae Powergeschirre\" data-date=\"2018-09-13T09:01:41+00:00\">\n\n\t<div class=\"post-thumbnail-wrap\">\n\t\t<div class=\"post-thumbnail\">\n\n\t\t\t<a class=\"post-thumbnail-rollover layzr-bg img-css-resize-wrapper\" aria-label=\"Post image\" href=\"https:\/\/julius-k9.com\/de\/bewegungsstudie-bezueglich-der-julius-k9-idc-powergeschirre\/\"><img decoding=\"async\" width=\"940\" height=\"627\" src=\"data:image\/svg+xml,%3Csvg%20xmlns%3D&#039;http%3A%2F%2Fwww.w3.org%2F2000%2Fsvg&#039;%20viewBox%3D&#039;0%200%20940%20627&#039;%2F%3E\" class=\"attachment-full size-full preload-me aspect lazy lazy-load\" alt=\"JULIUS-K9\u00ae IDC\u00ae Powerharness run performance test\" sizes=\"(max-width: 940px) 100vw, 940px\" style=\"--ratio: 940 \/ 627;\" data-src=\"https:\/\/julius-k9.com\/wp-content\/uploads\/2018\/08\/agarpark2-4.jpg\" loading=\"eager\" data-srcset=\"https:\/\/julius-k9.com\/wp-content\/uploads\/2018\/08\/agarpark2-4.jpg 940w, https:\/\/julius-k9.com\/wp-content\/uploads\/2018\/08\/agarpark2-4-300x200.jpg 300w, https:\/\/julius-k9.com\/wp-content\/uploads\/2018\/08\/agarpark2-4-768x512.jpg 768w\" \/><span class=\"the7-hover-icon\"><i aria-hidden=\"true\" class=\"fas fa-plus\"><\/i><\/span><\/a>\n\t\t<\/div>\n\t<\/div>\n\n\n<div class=\"post-entry-content\">\n\n\t<h3 class=\"ele-entry-title\"><a href=\"https:\/\/julius-k9.com\/de\/bewegungsstudie-bezueglich-der-julius-k9-idc-powergeschirre\/\" rel=\"bookmark\" title=\"Bewegungsstudie bez\u00fcglich der JULIUS-K9\u00ae IDC\u00ae Powergeschirre\">Bewegungsstudie bez\u00fcglich der JULIUS-K9\u00ae IDC\u00ae Powergeschirre<\/a><\/h3><div class=\"entry-excerpt\"><p>In einer Studie haben wir festgestellt, dass das JULIUS-K9\u00ae IDC\u00ae Powergeschirr die Bewegung des Hundes&hellip;<\/p>\n<\/div><a href=\"https:\/\/julius-k9.com\/de\/bewegungsstudie-bezueglich-der-julius-k9-idc-powergeschirre\/\" target=\"\" aria-label=\"Read more about Bewegungsstudie bez\u00fcglich der JULIUS-K9\u00ae IDC\u00ae Powergeschirre\" class=\"box-button elementor-button elementor-size-xs\">Weiterlesen<\/a>\n<\/div><\/article><\/div><\/div><!-- iso-container|iso-grid --><\/div>\t\t\t\t<\/div>\n\t\t\t\t<\/div>\n\t\t\t\t\t<\/div>\n\t\t\t\t<\/div>\n\t\t\t\t<\/div>\n\t\t","protected":false},"excerpt":{"rendered":"<p>Das Hundegeschirr f\u00fcr den Alltag &#8211; frei atmen, frei bewegen Das Gr\u00f6\u00dfenangebot unserer Hundegeschirre wird seit Jahrzehnten nach Bewegungsanalysen entwickelt. Wichtigstes Ziel bei Alltagshundegeschirren ist,&hellip; Weiterlesen The Influence of Harness Design on Forelimb Biomechanics in Pet Dogs This study aimed to explore the impact of six different harness types oncanine biomechanics compared&hellip; Weiterlesen IDC\u00ae Powerharness&hellip;<\/p>\n","protected":false},"author":7,"featured_media":0,"parent":0,"menu_order":0,"comment_status":"closed","ping_status":"closed","template":"","meta":{"_acf_changed":false,"footnotes":""},"class_list":["post-149206","page","type-page","status-publish","hentry"],"acf":[],"_links":{"self":[{"href":"https:\/\/julius-k9.com\/de\/wp-json\/wp\/v2\/pages\/149206","targetHints":{"allow":["GET"]}}],"collection":[{"href":"https:\/\/julius-k9.com\/de\/wp-json\/wp\/v2\/pages"}],"about":[{"href":"https:\/\/julius-k9.com\/de\/wp-json\/wp\/v2\/types\/page"}],"author":[{"embeddable":true,"href":"https:\/\/julius-k9.com\/de\/wp-json\/wp\/v2\/users\/7"}],"replies":[{"embeddable":true,"href":"https:\/\/julius-k9.com\/de\/wp-json\/wp\/v2\/comments?post=149206"}],"version-history":[{"count":7,"href":"https:\/\/julius-k9.com\/de\/wp-json\/wp\/v2\/pages\/149206\/revisions"}],"predecessor-version":[{"id":182278,"href":"https:\/\/julius-k9.com\/de\/wp-json\/wp\/v2\/pages\/149206\/revisions\/182278"}],"wp:attachment":[{"href":"https:\/\/julius-k9.com\/de\/wp-json\/wp\/v2\/media?parent=149206"}],"curies":[{"name":"wp","href":"https:\/\/api.w.org\/{rel}","templated":true}]}}